{"id":1725,"date":"2025-10-05T21:08:55","date_gmt":"2025-10-05T19:08:55","guid":{"rendered":"https:\/\/saintbenoit86.fr\/wordpress\/?page_id=1725"},"modified":"2025-10-29T16:02:55","modified_gmt":"2025-10-29T15:02:55","slug":"famille-scolaire-jeunesse","status":"publish","type":"page","link":"https:\/\/saintbenoit86.fr\/wordpress\/famille-scolaire-jeunesse\/","title":{"rendered":"Famille, Scolaire, Jeunesse"},"content":{"rendered":"\n<div class=\"wp-block-group is-layout-grid wp-container-core-group-is-layout-e3e62054 wp-block-group-is-layout-grid\">\n<div class=\"lsvr-feature lsvr-feature--has-icon\"\n    >\n    <div class=\"lsvr-feature__inner\">\n\n        \n            <span class=\"lsvr-feature__icon fas fa-baby\" aria-hidden=\"true\"><\/span>\n\n        \n        \n            <h3 class=\"lsvr-feature__title\">\n                <a href=\"https:\/\/saintbenoit86.fr\/wordpress\/directory-category\/petite-enfance\/\"\n                    class=\"lsvr-feature__title-link\">Petite Enfance<\/a>\n            <\/h3>\n\n        \n        \n            <div class=\"lsvr-feature__text\">\n\n                <p>Pour accueillir les tout-petits, la ville de Saint-Beno\u00eet propose plusieurs solutions, dont la cr\u00e8che \u00ab\u00a0Les P\u2019tites Canailles\u00a0\u00bb et la cr\u00e8che inter-entreprises \u00ab\u00a0Les Polissons\u00a0\u00bb. Le Relais Petite Enfance \u00ab\u00a0Les Lucioles\u00a0\u00bb est \u00e9galement \u00e0 votre disposition pour vous informer et vous accompagner.<\/p>\n\n            <\/div>\n\n        \n        \n            <p class=\"lsvr-feature__more\">\n                <a href=\"https:\/\/saintbenoit86.fr\/wordpress\/directory-category\/petite-enfance\/\"\n                    class=\"lsvr-feature__more-link\">En savoir plus<\/a>\n            <\/p>\n\n        \n    <\/div>\n<\/div>\n\n\n\n\n<div class=\"lsvr-feature lsvr-feature--has-icon\"\n    >\n    <div class=\"lsvr-feature__inner\">\n\n        \n            <span class=\"lsvr-feature__icon fas fa-school\" aria-hidden=\"true\"><\/span>\n\n        \n        \n            <h3 class=\"lsvr-feature__title\">\n                <a href=\"http:\/\/Les%20\u00e9coles\"\n                    class=\"lsvr-feature__title-link\">Les Ecoles<\/a>\n            <\/h3>\n\n        \n        \n            <div class=\"lsvr-feature__text\">\n\n                <p>Pour la scolarit\u00e9 de vos enfants, Saint-Beno\u00eet dispose de deux groupes scolaires publics (Ermitage et Irma Jouenne), de l\u2019\u00e9cole priv\u00e9e Notre-Dame, ainsi que du coll\u00e8ge Th\u00e9ophraste Renaudot. D\u00e9couvrez les informations, les contacts et les modalit\u00e9s d\u2019inscription pour chaque \u00e9tablissement.<\/p>\n\n            <\/div>\n\n        \n        \n            <p class=\"lsvr-feature__more\">\n                <a href=\"https:\/\/saintbenoit86.fr\/wordpress\/directory-category\/ecoles\/\"\n                    class=\"lsvr-feature__more-link\">En savoir plus<\/a>\n            <\/p>\n\n        \n    <\/div>\n<\/div>\n\n\n\n\n<div class=\"lsvr-feature lsvr-feature--has-icon\"\n    >\n    <div class=\"lsvr-feature__inner\">\n\n        \n            <span class=\"lsvr-feature__icon fas fa-utensils\" aria-hidden=\"true\"><\/span>\n\n        \n        \n            <h3 class=\"lsvr-feature__title\">\n                Restauration Scolaire            <\/h3>\n\n        \n        \n            <div class=\"lsvr-feature__text\">\n\n                <p> La ville assure un service de restauration de qualit\u00e9 sur ses quatre sites : \u00ab\u00a0La joyeuse fourchette\u00a0\u00bb (Irma Jouenne), \u00ab\u00a0Au plaisir des papilles\u00a0\u00bb (Ermitage), le restaurant du Bois d\u2019Amour et celui de la cr\u00e8che \u00ab\u00a0Les P\u2019tites Canailles\u00a0\u00bb. Retrouvez ici les informations sur le fonctionnement, les inscriptions et consultez les menus.<\/p>\n\n            <\/div>\n\n        \n        \n            <p class=\"lsvr-feature__more\">\n                <a href=\"http:\/\/www.example.org\"\n                    class=\"lsvr-feature__more-link\">En savoir plus<\/a>\n            <\/p>\n\n        \n    <\/div>\n<\/div>\n\n\n\n\n<div class=\"lsvr-feature lsvr-feature--has-icon\"\n    >\n    <div class=\"lsvr-feature__inner\">\n\n        \n            <span class=\"lsvr-feature__icon fas fa-clock\" aria-hidden=\"true\"><\/span>\n\n        \n        \n            <h3 class=\"lsvr-feature__title\">\n                 Accueil P\u00e9riscolaire            <\/h3>\n\n        \n        \n            <div class=\"lsvr-feature__text\">\n\n                <p>Un service d\u2019accueil est assur\u00e9 le matin et le soir dans les \u00e9coles, compl\u00e9t\u00e9 par des Temps d\u2019Activit\u00e9s P\u00e9riscolaires (TAP). Retrouvez ici toutes les informations pratiques sur les horaires, les lieux, les activit\u00e9s propos\u00e9es et les modalit\u00e9s d\u2019inscription.<\/p>\n\n            <\/div>\n\n        \n        \n            <p class=\"lsvr-feature__more\">\n                <a href=\"http:\/\/www.example.org\"\n                    class=\"lsvr-feature__more-link\">En savoir plus<\/a>\n            <\/p>\n\n        \n    <\/div>\n<\/div>\n\n\n\n\n<div class=\"lsvr-feature lsvr-feature--has-icon\"\n    >\n    <div class=\"lsvr-feature__inner\">\n\n        \n            <span class=\"lsvr-feature__icon fas fa-volleyball-ball\" aria-hidden=\"true\"><\/span>\n\n        \n        \n            <h3 class=\"lsvr-feature__title\">\n                Loisirs Enfance & Jeunesse            <\/h3>\n\n        \n        \n            <div class=\"lsvr-feature__text\">\n\n                <p>Pour les mercredis, les vacances et les temps libres, plusieurs structures proposent des activit\u00e9s. Retrouvez les informations sur l\u2019association ANCRE (d\u00e8s le coll\u00e8ge), l\u2019accueil de loisirs multisports (6-13 ans) et celui de Givray (3-13 ans).<\/p>\n\n            <\/div>\n\n        \n        \n            <p class=\"lsvr-feature__more\">\n                <a href=\"http:\/\/www.example.org\"\n                    class=\"lsvr-feature__more-link\">En savoir plus<\/a>\n            <\/p>\n\n        \n    <\/div>\n<\/div>\n\n<\/div>\n\n\n\n<p><\/p>\n","protected":false},"excerpt":{"rendered":"","protected":false},"author":1,"featured_media":0,"parent":0,"menu_order":0,"comment_status":"closed","ping_status":"closed","template":"","meta":{"_acf_changed":false,"footnotes":""},"class_list":["post-1725","page","type-page","status-publish","hentry"],"acf":[],"_links":{"self":[{"href":"https:\/\/saintbenoit86.fr\/wordpress\/wp-json\/wp\/v2\/pages\/1725","targetHints":{"allow":["GET"]}}],"collection":[{"href":"https:\/\/saintbenoit86.fr\/wordpress\/wp-json\/wp\/v2\/pages"}],"about":[{"href":"https:\/\/saintbenoit86.fr\/wordpress\/wp-json\/wp\/v2\/types\/page"}],"author":[{"embeddable":true,"href":"https:\/\/saintbenoit86.fr\/wordpress\/wp-json\/wp\/v2\/users\/1"}],"replies":[{"embeddable":true,"href":"https:\/\/saintbenoit86.fr\/wordpress\/wp-json\/wp\/v2\/comments?post=1725"}],"version-history":[{"count":22,"href":"https:\/\/saintbenoit86.fr\/wordpress\/wp-json\/wp\/v2\/pages\/1725\/revisions"}],"predecessor-version":[{"id":2293,"href":"https:\/\/saintbenoit86.fr\/wordpress\/wp-json\/wp\/v2\/pages\/1725\/revisions\/2293"}],"wp:attachment":[{"href":"https:\/\/saintbenoit86.fr\/wordpress\/wp-json\/wp\/v2\/media?parent=1725"}],"curies":[{"name":"wp","href":"https:\/\/api.w.org\/{rel}","templated":true}]}}