{"id":1797,"date":"2025-10-06T22:47:43","date_gmt":"2025-10-06T20:47:43","guid":{"rendered":"https:\/\/saintbenoit86.fr\/wordpress\/?page_id=1797"},"modified":"2026-03-16T13:15:56","modified_gmt":"2026-03-16T12:15:56","slug":"le-conseil-municipal","status":"publish","type":"page","link":"https:\/\/saintbenoit86.fr\/wordpress\/le-conseil-municipal\/","title":{"rendered":"\u00c9lus &#038; Conseil Municipal"},"content":{"rendered":"\n<p>La loi de 1884 charge le Conseil Municipal de la commune de\u00a0r\u00e9gler \u00ab\u00a0par ses d\u00e9lib\u00e9rations les affaires de la commune\u00a0\u00bb.<br>Il est \u00e9lu pour six ans au suffrage universel direct.<br>A Saint-Beno\u00eet, il se compose du Maire, de 8 Adjoints, 8 D\u00e9l\u00e9gu\u00e9s\u00a0et de 12 Conseillers municipaux.<br>Le Conseil Municipal\u00a0se r\u00e9unit r\u00e9guli\u00e8rement suivant un ordre du jour pr\u00e9cis affich\u00e9 \u00e0 l\u2019H\u00f4tel de Ville. Il vote le budget, fixe les taux d\u2019imposition locale, accorde les subventions aux associations\u2026<br>Les s\u00e9ances du Conseil Municipal \u00e0 la Mairie, sont ouvertes au public.<\/p>\n\n\n\n<figure class=\"wp-block-table\"><table class=\"has-fixed-layout\"><tbody><tr><td colspan=\"3\"><strong>Pr\u00e9visions des r\u00e9unions 2026<\/strong><\/td><\/tr><tr><td>\u00a0<\/td><td>\u00a0<\/td><td>\u00a0<\/td><\/tr><tr><td><strong>Lundi 26 janvier 2026<\/strong><\/td><td><strong>19h<\/strong><\/td><td><strong>Conseil Municipal<\/strong><\/td><\/tr><tr><td><strong>Lundi 9 mars 2026<\/strong><\/td><td><strong>19h<\/strong><\/td><td><strong>Conseil Municipal \u2013 CA \u2013 DOB<\/strong><\/td><\/tr><tr><td><strong>Dimanche 15 mars 2026<\/strong><\/td><td>\u00a0<\/td><td><strong>ELECTIONS MUNICIPALES 2026<\/strong><\/td><\/tr><tr><td><strong>07\/04\/2026 ou 13\/04\/2026<\/strong><\/td><td><strong>19h<\/strong><\/td><td><strong>Conseil Municipal \u2013 BUDGET<\/strong><\/td><\/tr><\/tbody><\/table><\/figure>\n","protected":false},"excerpt":{"rendered":"<p>La loi de 1884 charge le Conseil Municipal de la commune de\u00a0r\u00e9gler \u00ab\u00a0par ses d\u00e9lib\u00e9rations les affaires de la commune\u00a0\u00bb.Il est \u00e9lu pour six ans au suffrage universel direct.A Saint-Beno\u00eet, il se compose du Maire, de 8 Adjoints, 8 D\u00e9l\u00e9gu\u00e9s\u00a0et de 12 Conseillers municipaux.Le Conseil Municipal\u00a0se r\u00e9unit r\u00e9guli\u00e8rement suivant un ordre du jour pr\u00e9cis affich\u00e9 [&hellip;]<\/p>\n","protected":false},"author":1,"featured_media":0,"parent":0,"menu_order":0,"comment_status":"closed","ping_status":"closed","template":"page-templates\/sidebar-right.php","meta":{"_acf_changed":false,"footnotes":""},"class_list":["post-1797","page","type-page","status-publish","hentry"],"acf":[],"_links":{"self":[{"href":"https:\/\/saintbenoit86.fr\/wordpress\/wp-json\/wp\/v2\/pages\/1797","targetHints":{"allow":["GET"]}}],"collection":[{"href":"https:\/\/saintbenoit86.fr\/wordpress\/wp-json\/wp\/v2\/pages"}],"about":[{"href":"https:\/\/saintbenoit86.fr\/wordpress\/wp-json\/wp\/v2\/types\/page"}],"author":[{"embeddable":true,"href":"https:\/\/saintbenoit86.fr\/wordpress\/wp-json\/wp\/v2\/users\/1"}],"replies":[{"embeddable":true,"href":"https:\/\/saintbenoit86.fr\/wordpress\/wp-json\/wp\/v2\/comments?post=1797"}],"version-history":[{"count":6,"href":"https:\/\/saintbenoit86.fr\/wordpress\/wp-json\/wp\/v2\/pages\/1797\/revisions"}],"predecessor-version":[{"id":3693,"href":"https:\/\/saintbenoit86.fr\/wordpress\/wp-json\/wp\/v2\/pages\/1797\/revisions\/3693"}],"wp:attachment":[{"href":"https:\/\/saintbenoit86.fr\/wordpress\/wp-json\/wp\/v2\/media?parent=1797"}],"curies":[{"name":"wp","href":"https:\/\/api.w.org\/{rel}","templated":true}]}}