{"id":3205,"date":"2026-02-28T15:20:36","date_gmt":"2026-02-28T14:20:36","guid":{"rendered":"https:\/\/saintbenoit86.fr\/wordpress\/?page_id=3205"},"modified":"2026-03-16T14:29:56","modified_gmt":"2026-03-16T13:29:56","slug":"services-2","status":"publish","type":"page","link":"https:\/\/saintbenoit86.fr\/wordpress\/services-2\/","title":{"rendered":"Services Municipaux"},"content":{"rendered":"<div class=\"wp-block-image\">\n<figure class=\"alignright size-full is-resized\"><img loading=\"lazy\" decoding=\"async\" width=\"900\" height=\"608\" src=\"https:\/\/saintbenoit86.fr\/wordpress\/wp-content\/uploads\/2026\/03\/mairie.jpg\" alt=\"\" class=\"wp-image-3289\" style=\"width:332px;height:auto\" srcset=\"https:\/\/saintbenoit86.fr\/wordpress\/wp-content\/uploads\/2026\/03\/mairie.jpg 900w, https:\/\/saintbenoit86.fr\/wordpress\/wp-content\/uploads\/2026\/03\/mairie-300x203.jpg 300w, https:\/\/saintbenoit86.fr\/wordpress\/wp-content\/uploads\/2026\/03\/mairie-768x519.jpg 768w\" sizes=\"auto, (max-width: 900px) 100vw, 900px\" \/><\/figure>\n<\/div>\n\n\n<p><strong>Les services\u00a0de la Mairie de Saint-Beno\u00eet vous accueillent\u00a0:\u00a0<\/strong><\/p>\n\n\n\n<p><strong>Du lundi au jeudi de 8\u00a0h\u00a030 \u00e0 12\u00a0h et de 13\u00a0h\u00a030 \u00e0 17\u00a0h<br>Le vendredi de 8\u00a0h\u00a030 \u00e0 12\u00a0h et de 13\u00a0h\u00a030 \u00e0 16\u00a0h\u00a030<\/strong><\/p>\n\n\n\n<p><strong>Mairie de Saint-Beno\u00eet<br><\/strong>11 rue Paul Gauvin<br>BP 11<br>86281 Saint-Beno\u00eet Cedex<br>T\u00e9l.\u00a0: 05\u00a049\u00a037\u00a044\u00a000<\/p>\n\n\n\n<p>accueil@saintbenoit86.fr<\/p>\n\n\n\n<details class=\"wp-block-details service-municipal is-layout-flow wp-block-details-is-layout-flow\"><summary><strong><strong>Direction g\u00e9n\u00e9rale des services<\/strong><\/strong><\/summary>\n<p><\/p>\n\n\n\n<div class=\"wp-block-columns is-layout-flex wp-container-core-columns-is-layout-9d6595d7 wp-block-columns-is-layout-flex\">\n<div class=\"wp-block-column is-layout-flow wp-block-column-is-layout-flow\">\n<p><strong>Laurent N\u00e9vo<\/strong><br><em>Directeur g\u00e9n\u00e9ral des services<\/em><br>T\u00e9l.\u00a0: <a href=\"tel:0549374400\" class=\"phone-autolink\">05.49.37.44.00<\/a><br><a href=\"mailto:dgs@saintbenoit86.fr\">dgs@saintbenoit86.fr<\/a><\/p>\n\n\n\n<p><\/p>\n<\/div>\n\n\n\n<div class=\"wp-block-column service-municipal. is-layout-flow wp-block-column-is-layout-flow\">\n<p><strong>Carole de Samie<\/strong><br><em>Assistante en charge de la d\u00e9mocratie participative<br><\/em><a href=\"mailto:assistante@saintbenoit86.fr\">assistante@saintbenoit86.fr<\/a><br>T\u00e9l.\u00a0: <a href=\"tel:0549374400\" class=\"phone-autolink\">05.49.37.44.00<\/a>\u00a0<\/p>\n<\/div>\n<\/div>\n<\/details>\n\n\n\n<details class=\"wp-block-details service-municipal is-layout-flow wp-block-details-is-layout-flow\"><summary><strong><strong><strong>Accueil mairie, \u00e9tat civil<\/strong><\/strong><\/strong><\/summary>\n<p><\/p>\n\n\n\n<div class=\"wp-block-columns is-layout-flex wp-container-core-columns-is-layout-9d6595d7 wp-block-columns-is-layout-flex\">\n<div class=\"wp-block-column is-layout-flow wp-block-column-is-layout-flow\">\n<p><strong>\u00c9milie Nauche<\/strong><br><em>Responsable Accueil mairie et \u00c9tat civil<\/em><strong><br>Fabienne Lagarde<\/strong><br><em>Accueil mairie et \u00c9tat civil<br><\/em><strong>Elsa Bourineau<\/strong><br><em>Accueil mairie et \u00c9tat civil<\/em><\/p>\n\n\n\n<p><\/p>\n<\/div>\n\n\n\n<div class=\"wp-block-column service-municipal. is-layout-flow wp-block-column-is-layout-flow\">\n<p class=\"has-text-align-center\">T\u00e9l.\u00a0: <a href=\"tel:0549374400\" class=\"phone-autolink\">05.49.37.44.00<\/a>\u00a0<br><a href=\"mailto:accueil@saintbenoit86.fr\">accueil@saintbenoit86.fr<\/a><\/p>\n<\/div>\n<\/div>\n<\/details>\n\n\n\n<details class=\"wp-block-details service-municipal is-layout-flow wp-block-details-is-layout-flow\"><summary><strong><strong><strong><strong> Services technique<\/strong><\/strong><\/strong><\/strong><\/summary>\n<p><\/p>\n\n\n\n<div class=\"wp-block-columns is-layout-flex wp-container-core-columns-is-layout-9d6595d7 wp-block-columns-is-layout-flex\">\n<div class=\"wp-block-column is-layout-flow wp-block-column-is-layout-flow\">\n<p><strong>Philippe Lep\u00e8ve<\/strong><br><em>Directeur des Services Techniques<\/em><br><strong>Michel Lagarde<\/strong><br><em>Responsable des publics<\/em><strong><br>Aur\u00e9lien Large<\/strong><br><em>Responsable\u00a0des b\u00e2timents et mat\u00e9riel<br><\/em><strong>\u00c9lodie Didier<\/strong><br><em>Accueil,\u00a0secr\u00e9tariat des services techniques<\/em><\/p>\n<\/div>\n\n\n\n<div class=\"wp-block-column service-municipal. is-layout-flow wp-block-column-is-layout-flow\">\n<p class=\"has-text-align-center\">Environnement, voirie, \u00e9clairage public, b\u00e2timents publics<br>21 rue de Magnac 86280 Saint-Beno\u00eet<br>T\u00e9l. : <a href=\"tel:0549384190\" class=\"phone-autolink\">05.49.38.41.90<\/a><br><a href=\"mailto:accueilst@saintbenoit86.fr\">accueilst@saintbenoit86.fr<\/a><\/p>\n\n\n\n<p class=\"has-text-align-center\"><strong>Astreinte technique\u00a0(nuit et week-end)\u00a0: 06\u00a083\u00a036\u00a005\u00a009<\/strong><br>Ouverture\u00a0: horaires de la Mairie<\/p>\n<\/div>\n<\/div>\n<\/details>\n\n\n\n<details class=\"wp-block-details service-municipal is-layout-flow wp-block-details-is-layout-flow\"><summary><strong><strong><strong><strong><strong>Service culturel et communication<\/strong><\/strong><\/strong><\/strong><\/strong><\/summary>\n<p><\/p>\n\n\n\n<div class=\"wp-block-columns is-layout-flex wp-container-core-columns-is-layout-9d6595d7 wp-block-columns-is-layout-flex\">\n<div class=\"wp-block-column is-layout-flow wp-block-column-is-layout-flow\">\n<p><strong>William Bonnin<\/strong><br><em>R\u00e9gisseur g\u00e9n\u00e9ral des spectacles<\/em><br><strong>Thierry Gilabert<\/strong><br><em>Responsable Service Communication \u2013 Affaires Culturelles\u00a0<\/em><\/p>\n\n\n\n<p>Accueil public\u00a0: lundi, mardi, jeudi et vendredi de 10h \u00e0 14h et mercredi de 10h \u00e0 12h<br>Billetterie pour les spectacles de l\u2019association OH\u00c9 (sur place ou par t\u00e9l\u00e9phone)<\/p>\n<\/div>\n\n\n\n<div class=\"wp-block-column service-municipal. is-layout-flow wp-block-column-is-layout-flow\">\n<p class=\"has-text-align-center\">1 avenue du champ de la caille\u00a086280 Saint-Beno\u00eet<br>T\u00e9l.\u00a0: <a href=\"tel:0549377788\" class=\"phone-autolink\">05.49.37.77.88<\/a><a href=\"mailto:lahune@ville-saint-benoit.fr\"><br><\/a><a href=\"mailto:lahune@saintbenoit86.fr\">lahune@saintbenoit86.fr<\/a><br><br><\/p>\n<\/div>\n<\/div>\n<\/details>\n\n\n\n<details class=\"wp-block-details service-municipal is-layout-flow wp-block-details-is-layout-flow\"><summary><strong><strong><strong><strong><strong><strong>Urbanisme, cadastre, \u00e9lections<\/strong><\/strong><\/strong><\/strong><\/strong><\/strong><\/summary>\n<p><\/p>\n\n\n\n<div class=\"wp-block-columns is-layout-flex wp-container-core-columns-is-layout-9d6595d7 wp-block-columns-is-layout-flex\">\n<div class=\"wp-block-column is-layout-flow wp-block-column-is-layout-flow\">\n<p><strong>Christian M\u00e9riguet<\/strong><br><em>Urbanisme et\u00a0\u00e9lections<\/em><br><\/p>\n<\/div>\n\n\n\n<div class=\"wp-block-column service-municipal. is-layout-flow wp-block-column-is-layout-flow\">\n<p class=\"has-text-align-center\">T\u00e9l.\u00a0: <a href=\"tel:0549374406\" class=\"phone-autolink\">05.49.37.44.06<\/a>\u00a0<br><a href=\"mailto:urbanisme@saintbenoit86.fr\">urbanisme@saintbenoit86.fr<\/a><br><a href=\"mailto:elections@saintbenoit86.fr\">elections@saintbenoit86.fr<\/a><\/p>\n<\/div>\n<\/div>\n<\/details>\n\n\n\n<details class=\"wp-block-details service-municipal is-layout-flow wp-block-details-is-layout-flow\"><summary><strong><strong><strong><strong><strong><strong><strong>Budget et comptabilit\u00e9<\/strong><\/strong><\/strong><\/strong><\/strong><\/strong><\/strong><\/summary>\n<p><\/p>\n\n\n\n<div class=\"wp-block-columns is-layout-flex wp-container-core-columns-is-layout-9d6595d7 wp-block-columns-is-layout-flex\">\n<div class=\"wp-block-column is-layout-flow wp-block-column-is-layout-flow\">\n<p><strong>Catherine Bouchet<\/strong><br><em>Budget et paie<\/em><br><strong>Myriam Pinet<\/strong><br><em>Comptabilit\u00e9<\/em><\/p>\n<\/div>\n\n\n\n<div class=\"wp-block-column service-municipal. is-layout-flow wp-block-column-is-layout-flow\">\n<p class=\"has-text-align-center\">T\u00e9l.\u00a0: <a href=\"tel:0549374403\" class=\"phone-autolink\">05.49.37.44.03<\/a><br><a href=\"mailto:comptabilite@saintbenoit86.fr\">comptabilite@saintbenoit86.fr<\/a><br><\/p>\n<\/div>\n<\/div>\n<\/details>\n\n\n\n<details class=\"wp-block-details service-municipal is-layout-flow wp-block-details-is-layout-flow\"><summary><strong><strong><strong><strong><strong><strong><strong><strong>Ressources humaines<\/strong><\/strong><\/strong><\/strong><\/strong><\/strong><\/strong><\/strong><\/summary>\n<p><\/p>\n\n\n\n<div class=\"wp-block-columns is-layout-flex wp-container-core-columns-is-layout-9d6595d7 wp-block-columns-is-layout-flex\">\n<div class=\"wp-block-column is-layout-flow wp-block-column-is-layout-flow\">\n<p><strong>Audrey Liger<\/strong><br><em>Directrice des ressources humaines<\/em><\/p>\n<\/div>\n\n\n\n<div class=\"wp-block-column service-municipal. is-layout-flow wp-block-column-is-layout-flow\">\n<p class=\"has-text-align-center\">T\u00e9l.\u00a0: <a href=\"tel:0549374400\" class=\"phone-autolink\">05.49.37.44.00<\/a><br><a href=\"mailto:a.laffargue@saintbenoit86.fr\">a.liger@saintbenoit86.fr<\/a><br><\/p>\n<\/div>\n<\/div>\n<\/details>\n\n\n\n<details class=\"wp-block-details service-municipal is-layout-flow wp-block-details-is-layout-flow\"><summary><strong><strong><strong><strong><strong><strong><strong><strong><strong>Scolaire et p\u00e9riscolaire<\/strong><\/strong><\/strong><\/strong><\/strong><\/strong><\/strong><\/strong><\/strong><\/summary>\n<p><\/p>\n\n\n\n<div class=\"wp-block-columns is-layout-flex wp-container-core-columns-is-layout-9d6595d7 wp-block-columns-is-layout-flex\">\n<div class=\"wp-block-column is-layout-flow wp-block-column-is-layout-flow\">\n<p><strong>Christelle Delage<\/strong><br>Administration facturation p\u00e9riscolaire, garderies et transports scolaires<\/p>\n<\/div>\n\n\n\n<div class=\"wp-block-column service-municipal. is-layout-flow wp-block-column-is-layout-flow\">\n<p class=\"has-text-align-center\">T\u00e9l.\u00a0: <a href=\"tel:0549374408\" class=\"phone-autolink\">05.49.37.44.08<\/a><br><a href=\"mailto:c.bouchet@saintbenoit86.fr\">c.delage@saintbenoit86.fr<\/a><br><\/p>\n<\/div>\n<\/div>\n<\/details>\n\n\n\n<details class=\"wp-block-details service-municipal is-layout-flow wp-block-details-is-layout-flow\"><summary><strong><strong><strong><strong><strong><strong><strong><strong><strong><strong>Action sociale et aide sociale<\/strong><\/strong><\/strong><\/strong><\/strong><\/strong><\/strong><\/strong><\/strong><\/strong><\/summary>\n<p><\/p>\n\n\n\n<div class=\"wp-block-columns is-layout-flex wp-container-core-columns-is-layout-9d6595d7 wp-block-columns-is-layout-flex\">\n<div class=\"wp-block-column is-layout-flow wp-block-column-is-layout-flow\">\n<p><strong>Rachelle Figueroa<\/strong><br><em>Action sociale et CCAS<\/em><br><\/p>\n<\/div>\n\n\n\n<div class=\"wp-block-column service-municipal. is-layout-flow wp-block-column-is-layout-flow\">\n<p class=\"has-text-align-center\">Centre Communal d\u2019Action Sociale<br>T\u00e9l.\u00a0: <a href=\"tel:0549374405\" class=\"phone-autolink\">05.49.37.44.05<\/a><br><a href=\"mailto:a.masse@saintbenoit86.fr\">social@saintbenoit86.fr<\/a><br><\/p>\n<\/div>\n<\/div>\n<\/details>\n\n\n\n<details class=\"wp-block-details service-municipal is-layout-flow wp-block-details-is-layout-flow\"><summary><strong><strong><strong><strong><strong><strong><strong><strong><strong><strong><strong>Cr\u00e8che (structure multi accueil) Les P\u2019tites Canailles<\/strong><\/strong><\/strong><\/strong><\/strong><\/strong><\/strong><\/strong><\/strong><\/strong><\/strong><\/summary>\n<p><\/p>\n\n\n\n<div class=\"wp-block-columns is-layout-flex wp-container-core-columns-is-layout-9d6595d7 wp-block-columns-is-layout-flex\">\n<div class=\"wp-block-column is-layout-flow wp-block-column-is-layout-flow\">\n<p><strong>Benedicte NEVO<\/strong><br><br><\/p>\n<\/div>\n\n\n\n<div class=\"wp-block-column service-municipal. is-layout-flow wp-block-column-is-layout-flow\">\n<p class=\"has-text-align-center\">2 rue du Coq-hardi, 86280 Saint-Beno\u00eet<br>T\u00e9l.\u00a0: <a href=\"tel:0549373837\" class=\"phone-autolink\">05.49.37.38.37<\/a><a href=\"mailto:lespetitescanailles@saintbenoit86.fr\"><br>lespetitescanailles@saintbenoit86.fr<\/a><br><\/p>\n<\/div>\n<\/div>\n<\/details>\n\n\n\n<details class=\"wp-block-details service-municipal is-layout-flow wp-block-details-is-layout-flow\"><summary><strong><strong><strong><strong><strong><strong><strong><strong><strong><strong><strong><strong>Accueil jeunes (ANCRE)<\/strong><\/strong><\/strong><\/strong><\/strong><\/strong><\/strong><\/strong><\/strong><\/strong><\/strong><\/strong><\/summary>\n<p><\/p>\n\n\n\n<div class=\"wp-block-columns is-layout-flex wp-container-core-columns-is-layout-9d6595d7 wp-block-columns-is-layout-flex\">\n<div class=\"wp-block-column is-layout-flow wp-block-column-is-layout-flow\">\n<p>Direction de l\u2019ANCRE<br><br><\/p>\n<\/div>\n\n\n\n<div class=\"wp-block-column service-municipal. is-layout-flow wp-block-column-is-layout-flow\">\n<p class=\"has-text-align-center\">T\u00e9l.\u00a0: 05\u00a049\u00a051\u00a068\u00a040<a href=\"mailto:p.coquillaud@saintbenoit86.fr\"><br><\/a><a href=\"mailto:ancre86@gmail.com\">ancre86@gmail.com<\/a><\/p>\n<\/div>\n<\/div>\n<\/details>\n\n\n\n<details class=\"wp-block-details service-municipal is-layout-flow wp-block-details-is-layout-flow\"><summary><strong><strong><strong><strong><strong><strong><strong><strong><strong><strong><strong><strong><strong>Aide \u00e0 domicile<\/strong><\/strong><\/strong><\/strong><\/strong><\/strong><\/strong><\/strong><\/strong><\/strong><\/strong><\/strong><\/strong><\/summary>\n<p><\/p>\n\n\n\n<div class=\"wp-block-columns is-layout-flex wp-container-core-columns-is-layout-9d6595d7 wp-block-columns-is-layout-flex\">\n<div class=\"wp-block-column is-layout-flow wp-block-column-is-layout-flow\">\n<p><strong>Christelle Mateos.Viegas<\/strong><br>Directrice du SAD<strong><br>Delphine Gazeau<\/strong><br><em>Secr\u00e9tariat aide \u00e0 domicile<\/em><br><strong>Michelle Bobin<\/strong><br><em>Visiteuse de convivialit\u00e9 \u201dA Vos C\u00f4t\u00e9s\u201d<\/em><br><\/p>\n<\/div>\n\n\n\n<div class=\"wp-block-column service-municipal. is-layout-flow wp-block-column-is-layout-flow\">\n<p class=\"has-text-align-center\">T\u00e9l.\u00a0: <a href=\"tel:0549374404\" class=\"phone-autolink\">05.49.37.44.04<\/a>\u00a0<br><a href=\"mailto:saad@saintbenoit86.fr\">saad@saintbenoit86.fr<\/a><br>Ouverture\u00a0: horaires de la mairie<\/p>\n<\/div>\n<\/div>\n<\/details>\n\n\n\n<details class=\"wp-block-details service-municipal is-layout-flow wp-block-details-is-layout-flow\"><summary><strong><strong><strong><strong><strong><strong><strong><strong><strong><strong><strong><strong><strong><strong>P\u00e9riscolaire<\/strong><\/strong><\/strong><\/strong><\/strong><\/strong><\/strong><\/strong><\/strong><\/strong><\/strong><\/strong><\/strong><\/strong><\/summary>\n<p><\/p>\n\n\n\n<div class=\"wp-block-columns is-layout-flex wp-container-core-columns-is-layout-9d6595d7 wp-block-columns-is-layout-flex\">\n<div class=\"wp-block-column is-layout-flow wp-block-column-is-layout-flow\">\n<p><strong>Xavier Favreau<\/strong><br><em>Directeur des services p\u00e9riscolaires et TAP<\/em><\/p>\n<\/div>\n\n\n\n<div class=\"wp-block-column service-municipal. is-layout-flow wp-block-column-is-layout-flow\">\n<p class=\"has-text-align-center\">T\u00e9l\u00a0: <a href=\"tel:0967224508\" class=\"phone-autolink\">09.67.22.45.08<\/a><a href=\"mailto:restaurationscolaire@saintbenoit86.fr\"><br>restaurationscolaire@saintbenoit86.fr<\/a><\/p>\n\n\n\n<p class=\"has-text-align-center\"><\/p>\n<\/div>\n<\/div>\n<\/details>\n\n\n\n<details class=\"wp-block-details service-municipal is-layout-flow wp-block-details-is-layout-flow\"><summary><strong><strong><strong><strong><strong><strong><strong><strong><strong><strong><strong><strong><strong><strong><strong>Police municipale<\/strong><\/strong><\/strong><\/strong><\/strong><\/strong><\/strong><\/strong><\/strong><\/strong><\/strong><\/strong><\/strong><\/strong><\/strong><\/summary>\n<p><\/p>\n\n\n\n<div class=\"wp-block-columns is-layout-flex wp-container-core-columns-is-layout-9d6595d7 wp-block-columns-is-layout-flex\">\n<div class=\"wp-block-column is-layout-flow wp-block-column-is-layout-flow\">\n<p><strong>S\u00e9bastien Peltier<\/strong><br><em>Responsable du service\u00a0Police municipale<\/em><strong><br>Lucie Lemaire<\/strong><br><em>Agent de Police municipale \/ Responsable brigade \u00e9questre<br><\/em><strong>Lucile Morel<\/strong><br><em>Agent de Police municipale<\/em><\/p>\n\n\n\n<p>Ouverture\u00a0: du lundi au vendredi de 8h \u00e0 17h<br>Accueil public\u00a0: du lundi au vendredi de 9h \u00e0 14h<\/p>\n<\/div>\n\n\n\n<div class=\"wp-block-column service-municipal. is-layout-flow wp-block-column-is-layout-flow\">\n<p class=\"has-text-align-center\">1 rue de Mauroc\u00a0\u00a086280 Saint-Beno\u00eet<br>T\u00e9l.\u00a0: <a href=\"tel:0549360909\" class=\"phone-autolink\">05.49.36.09.09<\/a><br><a href=\"mailto:policemunicipale@saintbenoit86.fr\">policemunicipale@saintbenoit86.fr<\/a><\/p>\n\n\n\n<p class=\"has-text-align-center\"><\/p>\n<\/div>\n<\/div>\n<\/details>\n\n\n\n<details class=\"wp-block-details service-municipal is-layout-flow wp-block-details-is-layout-flow\"><summary><strong>B<strong><strong><strong><strong><strong><strong><strong><strong><strong><strong><strong><strong><strong><strong><strong>iblioth\u00e8que municipale<\/strong><\/strong><\/strong><\/strong><\/strong><\/strong><\/strong><\/strong><\/strong><\/strong><\/strong><\/strong><\/strong><\/strong><\/strong><\/strong><\/summary>\n<p><\/p>\n\n\n\n<div class=\"wp-block-columns is-layout-flex wp-container-core-columns-is-layout-9d6595d7 wp-block-columns-is-layout-flex\">\n<div class=\"wp-block-column is-layout-flow wp-block-column-is-layout-flow\">\n<p><strong>Laure Olivier\u00a0:\u00a0<\/strong><em>Biblioth\u00e8que adultes<\/em><strong><br>B\u00e9n\u00e9dict Morin :\u00a0<\/strong><em>Biblioth\u00e8que enfants<\/em><\/p>\n\n\n\n<p>Ouverture: lundi de 14h \u00e0 18h, mercredi de 9h30 \u00e0 12h30 et de 14h \u00e0 18h et samedi de 9h30 \u00e0 12h30<\/p>\n<\/div>\n\n\n\n<div class=\"wp-block-column service-municipal. is-layout-flow wp-block-column-is-layout-flow\">\n<p class=\"has-text-align-center\">3, impasse du prieur\u00e9<br>T\u00e9l.\u00a0: <a href=\"tel:0549529282\" class=\"phone-autolink\">05.49.52.92.82<\/a><a href=\"http:\/\/mce_host\/biblioth%C3%A8que@saintbenoit86.fr\"><br>biblioth\u00e8que@saintbenoit86.fr<\/a><\/p>\n\n\n\n<p class=\"has-text-align-center\"><\/p>\n<\/div>\n<\/div>\n<\/details>\n\n\n\n<hr class=\"wp-block-separator has-alpha-channel-opacity is-style-dots\"\/>\n\n\n\n<h4 class=\"wp-block-heading\">Organigramme des services<\/h4>\n\n\n    <div class=\"sb-shortcode-direct-list\" style=\"display: flex; flex-direction: column; gap: 12px; margin: 20px 0;\">\n                    <div class=\"sb-direct-container\" style=\"border: 1px solid #e0e4e8; border-radius: 8px; background: #fdfdfd; transition: 0.3s;\">\n                <a href=\"https:\/\/drive.google.com\/file\/d\/1APp1zsYmCpjBq1uhajdtiPJn3GLJLDqS\/view\" target=\"_blank\" style=\"text-decoration: none !important; display: block; padding: 12px;\">\n                    <div style=\"display: flex; align-items: center; gap: 15px;\">\n                        <div style=\"color: #b71c1c; font-size: 22px; width: 35px; text-align: center;\"><i class=\"fa-solid fa-file-pdf\"><\/i><\/div>\n                        <div>\n                            <div style=\"margin: 0 0 3px 0; font-size: 1.1rem; color: #2c3e50; font-weight: 700; line-height: 1.3;\">Organigramme avec photos 2024<\/div>\n                            <span style=\"font-size: 0.7em; text-transform: uppercase; font-weight: 600; color: #b71c1c; opacity: 0.8;\">Ouvrir le PDF<\/span>\n                        <\/div>\n                    <\/div>\n                <\/a>\n            <\/div>\n                    <div class=\"sb-direct-container\" style=\"border: 1px solid #e0e4e8; border-radius: 8px; background: #fdfdfd; transition: 0.3s;\">\n                <a href=\"https:\/\/drive.google.com\/file\/d\/1xHwVXxEFg_dsd9IrVtL7TnNSG7tIpJJt\/view\" target=\"_blank\" style=\"text-decoration: none !important; display: block; padding: 12px;\">\n                    <div style=\"display: flex; align-items: center; gap: 15px;\">\n                        <div style=\"color: #b71c1c; font-size: 22px; width: 35px; text-align: center;\"><i class=\"fa-solid fa-file-pdf\"><\/i><\/div>\n                        <div>\n                            <div style=\"margin: 0 0 3px 0; font-size: 1.1rem; color: #2c3e50; font-weight: 700; line-height: 1.3;\">Organigramme sans photos 2024<\/div>\n                            <span style=\"font-size: 0.7em; text-transform: uppercase; font-weight: 600; color: #b71c1c; opacity: 0.8;\">Ouvrir le PDF<\/span>\n                        <\/div>\n                    <\/div>\n                <\/a>\n            <\/div>\n            <\/div>\n    <style>.sb-direct-container:hover { border-color: #b71c1c !important; transform: translateX(5px); box-shadow: 0 4px 12px rgba(183, 28, 28, 0.1); }<\/style>\n    \n\n\n\n<p><\/p>\n","protected":false},"excerpt":{"rendered":"<p>Les services\u00a0de la Mairie de Saint-Beno\u00eet vous accueillent\u00a0:\u00a0 Du lundi au jeudi de 8\u00a0h\u00a030 \u00e0 12\u00a0h et de 13\u00a0h\u00a030 \u00e0 17\u00a0hLe vendredi de 8\u00a0h\u00a030 \u00e0 12\u00a0h et de 13\u00a0h\u00a030 \u00e0 16\u00a0h\u00a030 Mairie de Saint-Beno\u00eet11 rue Paul GauvinBP 1186281 Saint-Beno\u00eet CedexT\u00e9l.\u00a0: 05\u00a049\u00a037\u00a044\u00a000 accueil@saintbenoit86.fr Organigramme des services<\/p>\n","protected":false},"author":1,"featured_media":0,"parent":0,"menu_order":0,"comment_status":"closed","ping_status":"closed","template":"page-templates\/sidebar-right.php","meta":{"_acf_changed":false,"footnotes":""},"class_list":["post-3205","page","type-page","status-publish","hentry"],"acf":[],"_links":{"self":[{"href":"https:\/\/saintbenoit86.fr\/wordpress\/wp-json\/wp\/v2\/pages\/3205","targetHints":{"allow":["GET"]}}],"collection":[{"href":"https:\/\/saintbenoit86.fr\/wordpress\/wp-json\/wp\/v2\/pages"}],"about":[{"href":"https:\/\/saintbenoit86.fr\/wordpress\/wp-json\/wp\/v2\/types\/page"}],"author":[{"embeddable":true,"href":"https:\/\/saintbenoit86.fr\/wordpress\/wp-json\/wp\/v2\/users\/1"}],"replies":[{"embeddable":true,"href":"https:\/\/saintbenoit86.fr\/wordpress\/wp-json\/wp\/v2\/comments?post=3205"}],"version-history":[{"count":53,"href":"https:\/\/saintbenoit86.fr\/wordpress\/wp-json\/wp\/v2\/pages\/3205\/revisions"}],"predecessor-version":[{"id":3697,"href":"https:\/\/saintbenoit86.fr\/wordpress\/wp-json\/wp\/v2\/pages\/3205\/revisions\/3697"}],"wp:attachment":[{"href":"https:\/\/saintbenoit86.fr\/wordpress\/wp-json\/wp\/v2\/media?parent=3205"}],"curies":[{"name":"wp","href":"https:\/\/api.w.org\/{rel}","templated":true}]}}