{"id":3563,"date":"2026-03-11T09:17:56","date_gmt":"2026-03-11T08:17:56","guid":{"rendered":"https:\/\/saintbenoit86.fr\/wordpress\/?page_id=3563"},"modified":"2026-03-11T09:18:28","modified_gmt":"2026-03-11T08:18:28","slug":"numeros-durgence","status":"publish","type":"page","link":"https:\/\/saintbenoit86.fr\/wordpress\/numeros-durgence\/","title":{"rendered":"Num\u00e9ros d&rsquo;urgence"},"content":{"rendered":"\n<p><strong>Services locaux<\/strong><\/p>\n\n\n\n<p>\u2013 Police secours\u00a0: 17<br>\u2013 Pompiers\u00a0: 18<br>\u2013 Police municipale\u00a0: 05\u00a049\u00a036\u00a009\u00a009<br>\u2013 Commissariat des Trois Cit\u00e9s\u00a0: 05\u00a049\u00a052\u00a026\u00a082<\/p>\n\n\n\n<p><strong>Sant\u00e9<\/strong><\/p>\n\n\n\n<p>\u2013 SAMU\u00a0: 15<br>\u2013 Appel d\u2019urgence europ\u00e9en\u00a0: 112<br>\u2013 Pharmacie de garde\u00a0: 3915<br>\u2013 Drogue, alcool, tabac info service\u00a0: 0\u00a0800\u00a0231\u00a0313<br>\u2013 Ecoute Alcool\u00a0: 0\u00a0811\u00a0913\u00a0030<br>\u2013 M\u00e9decins g\u00e9n\u00e9ralistes (Permanence des soins)\u00a0: 05\u00a049\u00a038\u00a050\u00a050<br>\u2013 Info Sida (CIDAG)\u00a0: 05\u00a049\u00a044\u00a039\u00a005<br>\u2013 Centre anti-poisons (H\u00f4pital de la Mil\u00e9trie)\u00a0: 05\u00a049\u00a044\u00a044\u00a044<br>\u2013 Centre anti-poisons (Bordeaux)\u00a0: 05\u00a056\u00a096\u00a040\u00a080<br>\u2013 Fil sant\u00e9 jeunes\u00a0: 3224 ou 01\u00a044\u00a093\u00a030\u00a074<\/p>\n\n\n\n<p><strong>Urgences sociales, \u00e9coute et soutien<\/strong><\/p>\n\n\n\n<p>CAF\u00a0: 3220<\/p>\n\n\n\n<p>\u2013 SAMU social\u00a0: 115<br>\u2013 Accueil sans abri\u00a0: 115<br>\u2013 Enfance maltrait\u00e9e\u00a0: 119<\/p>\n\n\n\n<p>\u2013 Violences conjugales\u00a0: 3919<br>\u2013 Maltraitance de personnes \u00e2g\u00e9es, personnes handicap\u00e9es\u00a0: 3977<br>\u2013 SOS Enfants disparus\u00a0: 116\u00a0000<\/p>\n\n\n\n<p>\u2013 Non au harc\u00e8lement\u00a0: 3020<br>\u2013 Victime de Cybervilonces\u00a0: 3018<br>\u2013 Permanences de l\u2019assistante sociale\u00a0: 05\u00a049\u00a000\u00a051\u00a030<br>\u2013 Maison de la solidarit\u00e9\u00a0: 05\u00a049\u00a038\u00a050\u00a050<br>\u2013 Centre d\u2019accueil des victimes d\u2019agressions sexuelles\u00a0: 05\u00a049\u00a044\u00a045\u00a020<br>\u2013 SOS Amiti\u00e9\u00a0: 05\u00a049\u00a045\u00a071\u00a071<br>\u2013 Croix rouge Fran\u00e7aise\u00a0: 05\u00a049\u00a050\u00a090\u00a090<\/p>\n\n\n\n<p><strong>Services techniques<\/strong><\/p>\n\n\n\n<p>\u2013\u00a0ENEDIS (EDF) D\u00e9pannage :\u00a009\u00a072\u00a067\u00a050\u00a086<br>\u2013 Enedis Raccordement: 09\u00a069\u00a032\u00a018\u00a011<br>\u2013 Info fournisseur \u00e9lectricit\u00e9 Enedis sur\u00a0<a href=\"https:\/\/www.kelwatt.fr\/fournisseurs\" target=\"_blank\" rel=\"noreferrer noopener\">https:\/\/www.kelwatt.fr\/fournisseurs<\/a><br>\u2013 GDF (s\u00e9curit\u00e9-d\u00e9pannage)\u00a0: 0\u00a0810\u00a0433\u00a0086<br>\u2013 GrDF (urgence s\u00e9curit\u00e9 gaz)\u00a0: 0\u00a0800\u00a047\u00a033\u00a033<br>Info compure GRDF :\u00a0<a href=\"https:\/\/infocoupure.grdf.fr\/\/\">https:\/\/infocoupure.grdf.fr\/\/<\/a><br>\u2013 Eau (Service Accueil-Relations)\u00a0: 05\u00a049\u00a052\u00a037\u00a029<\/p>\n\n\n\n<p><strong>Autres<\/strong><\/p>\n\n\n\n<p>\u2013 ALLO, Service public\u00a0: 3939<br>\u2013 SPA Poitiers\u00a0: 05\u00a049\u00a088\u00a094\u00a057<\/p>\n","protected":false},"excerpt":{"rendered":"<p>Services locaux \u2013 Police secours\u00a0: 17\u2013 Pompiers\u00a0: 18\u2013 Police municipale\u00a0: 05\u00a049\u00a036\u00a009\u00a009\u2013 Commissariat des Trois Cit\u00e9s\u00a0: 05\u00a049\u00a052\u00a026\u00a082 Sant\u00e9 \u2013 SAMU\u00a0: 15\u2013 Appel d\u2019urgence europ\u00e9en\u00a0: 112\u2013 Pharmacie de garde\u00a0: 3915\u2013 Drogue, alcool, tabac info service\u00a0: 0\u00a0800\u00a0231\u00a0313\u2013 Ecoute Alcool\u00a0: 0\u00a0811\u00a0913\u00a0030\u2013 M\u00e9decins g\u00e9n\u00e9ralistes (Permanence des soins)\u00a0: 05\u00a049\u00a038\u00a050\u00a050\u2013 Info Sida (CIDAG)\u00a0: 05\u00a049\u00a044\u00a039\u00a005\u2013 Centre anti-poisons (H\u00f4pital de la Mil\u00e9trie)\u00a0: 05\u00a049\u00a044\u00a044\u00a044\u2013 Centre [&hellip;]<\/p>\n","protected":false},"author":1,"featured_media":0,"parent":0,"menu_order":0,"comment_status":"closed","ping_status":"closed","template":"page-templates\/sidebar-right.php","meta":{"_acf_changed":false,"footnotes":""},"class_list":["post-3563","page","type-page","status-publish","hentry"],"acf":[],"_links":{"self":[{"href":"https:\/\/saintbenoit86.fr\/wordpress\/wp-json\/wp\/v2\/pages\/3563","targetHints":{"allow":["GET"]}}],"collection":[{"href":"https:\/\/saintbenoit86.fr\/wordpress\/wp-json\/wp\/v2\/pages"}],"about":[{"href":"https:\/\/saintbenoit86.fr\/wordpress\/wp-json\/wp\/v2\/types\/page"}],"author":[{"embeddable":true,"href":"https:\/\/saintbenoit86.fr\/wordpress\/wp-json\/wp\/v2\/users\/1"}],"replies":[{"embeddable":true,"href":"https:\/\/saintbenoit86.fr\/wordpress\/wp-json\/wp\/v2\/comments?post=3563"}],"version-history":[{"count":1,"href":"https:\/\/saintbenoit86.fr\/wordpress\/wp-json\/wp\/v2\/pages\/3563\/revisions"}],"predecessor-version":[{"id":3564,"href":"https:\/\/saintbenoit86.fr\/wordpress\/wp-json\/wp\/v2\/pages\/3563\/revisions\/3564"}],"wp:attachment":[{"href":"https:\/\/saintbenoit86.fr\/wordpress\/wp-json\/wp\/v2\/media?parent=3563"}],"curies":[{"name":"wp","href":"https:\/\/api.w.org\/{rel}","templated":true}]}}