{"id":3587,"date":"2026-03-11T20:06:31","date_gmt":"2026-03-11T19:06:31","guid":{"rendered":"https:\/\/saintbenoit86.fr\/wordpress\/?page_id=3587"},"modified":"2026-03-11T20:16:55","modified_gmt":"2026-03-11T19:16:55","slug":"urbanisme-travaux","status":"publish","type":"page","link":"https:\/\/saintbenoit86.fr\/wordpress\/urbanisme-travaux\/","title":{"rendered":"Urbanisme &amp; Travaux"},"content":{"rendered":"\n<h4 class=\"wp-block-heading\">D\u00e9p\u00f4t des demandes en ligne<\/h4>\n\n\n\n<p><strong>D\u00e9posez vos dossiers d\u2019urbanisme par voie num\u00e9rique !<\/strong> Depuis le 1er janvier 2022, vous pouvez d\u00e9poser vos demandes (Permis de construire, D\u00e9claration pr\u00e9alable, DIA, etc.) directement sur le portail de Grand Poitiers.<\/p>\n\n\n\n<div class=\"wp-block-buttons is-layout-flex wp-block-buttons-is-layout-flex\">\n<div class=\"wp-block-button\"><a class=\"wp-block-button__link wp-element-button\" href=\"https:\/\/www.grandpoitiers.fr\/habitat-urbanisme\/demandes-durbanisme-en-ligne\">Acc\u00e9der au Guichet Num\u00e9rique<\/a><\/div>\n<\/div>\n\n\n\n<hr class=\"wp-block-separator has-alpha-channel-opacity is-style-dots\"\/>\n\n\n\n<p><em>Note : Les d\u00e9p\u00f4ts au format papier restent possibles \u00e0 l\u2019accueil de la mairie.<\/em><\/p>\n\n\n\n<h4 class=\"wp-block-heading\">R\u00e8glementation et PLU<\/h4>\n\n\n\n<ul class=\"wp-block-list\">\n<li><strong>Plan Local d\u2019Urbanisme (PLU) :<\/strong> La ville de Saint-Beno\u00eet est int\u00e9gr\u00e9e au PLU de Grand Poitiers, actuellement en cours de r\u00e9vision. <a href=\"https:\/\/www.grandpoitiers.fr\/habitat-urbanisme\" target=\"_blank\" rel=\"noreferrer noopener\">Consulter le PLU en ligne<\/a>.<\/li>\n\n\n\n<li><strong>Publicit\u00e9 (RLPI) :<\/strong> La commune est soumise au R\u00e8glement Local de Publicit\u00e9 intercommunal. <a href=\"https:\/\/www.grandpoitiers.fr\/grands-projets\/reglement-local-de-la-publicite-rlpi\" target=\"_blank\" rel=\"noreferrer noopener\">Plus d\u2019infos ici<\/a>.<\/li>\n\n\n\n<li><strong>Zones inondables :<\/strong> En raison de la pr\u00e9sence du Clain et du Miosson, certains secteurs sont prot\u00e9g\u00e9s. <em>Atlas des zones inondables bient\u00f4t disponible.<\/em><\/li>\n<\/ul>\n\n\n\n<h4 class=\"wp-block-heading\">Terrains \u00e0 b\u00e2tir : La Vall\u00e9e Mouton<\/h4>\n\n\n\n<p><strong>Am\u00e9nagement de la zone r\u00e9sidentielle \u00ab La Vall\u00e9e Mouton \u00bb<\/strong> Des terrains sont disponibles \u00e0 la vente pour votre projet d\u2019habiat.<\/p>\n\n\n\n<ul class=\"wp-block-list\">\n<li><strong>Suivi du chantier<\/strong> : <a href=\"https:\/\/www.infochantier.fr\/Vallee-mouton\/\">infochantier.fr\/Vallee-mouton<\/a><\/li>\n\n\n\n<li>V<strong>ente des lots (La SEP) <\/strong>: <a href=\"https:\/\/www.sep86.fr\/product\/zac-de-la-vallee-mouton-2\/\">Consulter les terrains disponibles<\/a><\/li>\n\n\n\n<li><strong>Contact am\u00e9nageur <\/strong>: <a href=\"tel:0549301719\" class=\"phone-autolink\">05 49 30 17 19<\/a> \/ <a href=\"mailto:sepinfo@sep86.fr\">sepinfo@sep86.fr<\/a><\/li>\n<\/ul>\n\n\n\n<h4 class=\"wp-block-heading\">Notre vision de la Ville<\/h4>\n\n\n\n<p><strong>Un urbanisme serein et qualitatif<\/strong> Saint-Beno\u00eet se d\u00e9veloppe au rythme de ses deux vall\u00e9es. Notre priorit\u00e9 n\u2019est pas la quantit\u00e9, mais la pr\u00e9servation de notre patrimoine naturel. Les coteaux et espaces bois\u00e9s sont prot\u00e9g\u00e9s pour garantir un cadre de vie o\u00f9 la nature investit l\u2019espace urbain.<\/p>\n","protected":false},"excerpt":{"rendered":"<p>D\u00e9p\u00f4t des demandes en ligne D\u00e9posez vos dossiers d\u2019urbanisme par voie num\u00e9rique ! Depuis le 1er janvier 2022, vous pouvez d\u00e9poser vos demandes (Permis de construire, D\u00e9claration pr\u00e9alable, DIA, etc.) directement sur le portail de Grand Poitiers. Note : Les d\u00e9p\u00f4ts au format papier restent possibles \u00e0 l\u2019accueil de la mairie. R\u00e8glementation et PLU Terrains [&hellip;]<\/p>\n","protected":false},"author":1,"featured_media":0,"parent":0,"menu_order":0,"comment_status":"closed","ping_status":"closed","template":"page-templates\/sidebar-right.php","meta":{"_acf_changed":false,"footnotes":""},"class_list":["post-3587","page","type-page","status-publish","hentry"],"acf":[],"_links":{"self":[{"href":"https:\/\/saintbenoit86.fr\/wordpress\/wp-json\/wp\/v2\/pages\/3587","targetHints":{"allow":["GET"]}}],"collection":[{"href":"https:\/\/saintbenoit86.fr\/wordpress\/wp-json\/wp\/v2\/pages"}],"about":[{"href":"https:\/\/saintbenoit86.fr\/wordpress\/wp-json\/wp\/v2\/types\/page"}],"author":[{"embeddable":true,"href":"https:\/\/saintbenoit86.fr\/wordpress\/wp-json\/wp\/v2\/users\/1"}],"replies":[{"embeddable":true,"href":"https:\/\/saintbenoit86.fr\/wordpress\/wp-json\/wp\/v2\/comments?post=3587"}],"version-history":[{"count":7,"href":"https:\/\/saintbenoit86.fr\/wordpress\/wp-json\/wp\/v2\/pages\/3587\/revisions"}],"predecessor-version":[{"id":3597,"href":"https:\/\/saintbenoit86.fr\/wordpress\/wp-json\/wp\/v2\/pages\/3587\/revisions\/3597"}],"wp:attachment":[{"href":"https:\/\/saintbenoit86.fr\/wordpress\/wp-json\/wp\/v2\/media?parent=3587"}],"curies":[{"name":"wp","href":"https:\/\/api.w.org\/{rel}","templated":true}]}}