{"id":3706,"date":"2026-03-16T21:28:39","date_gmt":"2026-03-16T20:28:39","guid":{"rendered":"https:\/\/saintbenoit86.fr\/wordpress\/?page_id=3706"},"modified":"2026-03-20T08:32:15","modified_gmt":"2026-03-20T07:32:15","slug":"la-police-municipale","status":"publish","type":"page","link":"https:\/\/saintbenoit86.fr\/wordpress\/la-police-municipale\/","title":{"rendered":"S\u00e9curit\u00e9 &#038; Pr\u00e9vention"},"content":{"rendered":"\n<h4 class=\"wp-block-heading\">Police Municipale<\/h4>\n\n\n\n<p>La police municipale est plac\u00e9e directement sous l\u2019autorit\u00e9 du maire, elle a\u00a0pour mission de faire respecter\u00a0:<\/p>\n\n\n\n<ul class=\"wp-block-list\">\n<li>l\u2019ensemble des arr\u00eat\u00e9s municipaux pris sur la commune et notamment en mati\u00e8re de salubrit\u00e9 publique<\/li>\n\n\n\n<li>le stationnement en ville et sur les axes importants afin de faciliter la fluidit\u00e9 de la circulation, \u00e9viter les accidents et\u00a0l\u2019enl\u00e8vement des v\u00e9hicules \u00e9paves<\/li>\n\n\n\n<li>intervenir sur les appels t\u00e9l\u00e9phoniques des administr\u00e9s (diff\u00e9rends de voisinages, nuisances sonores, probl\u00e8mes de stationnement\u2026)<\/li>\n\n\n\n<li>lutte contre les divagations animales sur la commune<\/li>\n\n\n\n<li>elle lutte aussi, de par sa vocation de police de proximit\u00e9, contre les incivilit\u00e9s et la petite d\u00e9linquance gr\u00e2ce \u00e0 une \u00e9troite collaboration avec la police nationale et la gendarmerie<\/li>\n\n\n\n<li>elle a en charge la vid\u00e9osurveillance<\/li>\n<\/ul>\n\n\n\n<p>Le service de la Police municipale de Saint-Beno\u00eet a \u00e9galement p\u00e9rennis\u00e9 l\u2019<strong>Op\u00e9ration Tranquillit\u00e9 Vacances<\/strong>. Ce service gratuit est \u00e9galement propos\u00e9 aux Sancto-B\u00e9n\u00e9dictins.<\/p>\n\n\n\n<p><strong>La police municipale de Saint-Benoit utilise des cam\u00e9ras-pi\u00e9tons permettant de proc\u00e9der \u00e0 un enregistrement audiovisuel lors des interventions.<\/strong><\/p>\n\n\n\n<div class=\"lsvr-alert-message lsvr-alert-message--info\"\n    >\n    <div class=\"lsvr-alert-message__inner\">\n\n        \n            <h3 class=\"lsvr-alert-message__title\">\n\n                Police municipale\n            <\/h3>\n\n        \n        \n            <div class=\"lsvr-alert-message__text\">\n\n                <p>1 rue de Mauroc<br \/>\nT\u00e9l\u00e9phone : 05\u00a049\u00a036\u00a009\u00a009\u00a0<br \/>\nHoraires : 8h00 \u00e0 12h00 et 13h30 \u00e0 17h00<\/p>\n\n            <\/div>\n\n        \n    <\/div>\n<\/div>\n\n\n\n\n<p><strong>\u00a0Une brigade \u00e9questre pour surveiller les vall\u00e9es<\/strong><\/p>\n\n\n<div class=\"wp-block-image\">\n<figure class=\"alignright size-full is-resized\"><img loading=\"lazy\" decoding=\"async\" width=\"1024\" height=\"576\" src=\"https:\/\/saintbenoit86.fr\/wordpress\/wp-content\/uploads\/2026\/03\/brigade-equestre.jpg\" alt=\"\" class=\"wp-image-3709\" style=\"width:337px;height:auto\" srcset=\"https:\/\/saintbenoit86.fr\/wordpress\/wp-content\/uploads\/2026\/03\/brigade-equestre.jpg 1024w, https:\/\/saintbenoit86.fr\/wordpress\/wp-content\/uploads\/2026\/03\/brigade-equestre-300x169.jpg 300w, https:\/\/saintbenoit86.fr\/wordpress\/wp-content\/uploads\/2026\/03\/brigade-equestre-768x432.jpg 768w\" sizes=\"auto, (max-width: 1024px) 100vw, 1024px\" \/><\/figure>\n<\/div>\n\n\n<p>La Ville de Saint-Beno\u00eet est construite sur deux vall\u00e9es, celle du Miosson et du Clain. Cette configuration g\u00e9ographique de la ville constitue des secteurs souvent inaccessibles aux voitures \u00e0 moteur, donc tr\u00e8s difficiles \u00e0 surveiller, comme les berges. C\u2019est pour cette raison que le v\u00e9hicule tout terrain utilis\u00e9, les ann\u00e9es pr\u00e9c\u00e9dentes, \u00e9tait inefficace et peu \u00e9cologique.<\/p>\n\n\n\n<p>La police municipale constate fr\u00e9quemment des actes d\u2019incivilit\u00e9 de la part de certains individus, comme des barbecues g\u00e9ants, du motocross, le braconnage, jusqu\u2019aux petits trafics et actes d\u00e9lictueux et r\u00e9currents.\u00a0<\/p>\n\n\n\n<p><strong>La brigade \u00e9questre est la solution.<\/strong>\u00a0Les chevaux sont d\u2019une aide pr\u00e9cieuse pour patrouiller sur les zones et les chemins inaccessibles de Saint-Benoit.<\/p>\n\n\n\n<p><strong>La Brigade \u00e9questre de la Ville de Saint-Beno\u00eet reste un service unique sur la r\u00e9gion Poitou-Charentes<\/strong><\/p>\n\n\n\n<h4 class=\"wp-block-heading\">Loi sur les chiens dangereux<\/h4>\n\n\n\n<p><strong>D\u00e9claration d\u2019un chien de 1\u00e8re et 2\u00e8me cat\u00e9gorie<\/strong><\/p>\n\n\n\n<p>Les propri\u00e9taires ou les d\u00e9tenteurs de chiens de cat\u00e9gorie 1\u00a0 et de cat\u00e9gorie 2\u00a0doivent d\u00e9poser \u00e0 la mairie de leur domicile une demande de permis de d\u00e9tention.<\/p>\n\n\n\n<p>Les types de chiens susceptibles d\u2019\u00eatre dangereux sont r\u00e9partis en deux cat\u00e9gories\u00a0:<\/p>\n\n\n\n<ul class=\"wp-block-list\">\n<li>1\u00e8re cat\u00e9gorie\u00a0: les chiens d\u2019attaque (Pitbull, chiens de type Mastiff et Tosa non d\u00e9tenteurs d\u2019un pedigree)<\/li>\n\n\n\n<li>2\u00e8me cat\u00e9gorie\u00a0: les chiens de garde et de d\u00e9fense (American Staffordshire et Tosa d\u00e9tenteurs d\u2019un pedigree, Rottweiler)<\/li>\n<\/ul>\n\n\n\n<p>Ces dispositions s\u2019appliquent aussi aux chiens d\u00e9sign\u00e9s par le Maire car susceptibles de pr\u00e9senter un danger et aux chiens ayant mordu.<\/p>\n\n\n\n<h4 class=\"wp-block-heading\">Les risques majeurs<\/h4>\n\n\n\n<p>Le\u00a0<strong>Document Communal Synth\u00e9tique<\/strong>\u00a0(D.C.S) des risques majeurs, \u00e9tabli par la Pr\u00e9fecture de la Vienne, indique que la Commune de Saint-Beno\u00eet est concern\u00e9e par les risques suivants\u00a0:<\/p>\n\n\n\n<ul class=\"wp-block-list\">\n<li>Risques naturels d\u2019inondation (Clain et Miosson)<\/li>\n\n\n\n<li>Risques naturels de feux de for\u00eat, de mouvement de terrain, de temp\u00eate<\/li>\n\n\n\n<li>Risques technologiques \u2013 accident industriel (risque Seveso relatif \u00e0 Quadripack)<\/li>\n\n\n\n<li>Risques technologiques \u2013 Transport de Mati\u00e8re Dangereuse (TMD)<\/li>\n<\/ul>\n\n\n    <div class=\"sb-shortcode-direct-list\" style=\"display: flex; flex-direction: column; gap: 12px; margin: 20px 0;\">\n                    <div class=\"sb-direct-container\" style=\"border: 1px solid #e0e4e8; border-radius: 8px; background: #fdfdfd; transition: 0.3s;\">\n                <a href=\"https:\/\/drive.google.com\/file\/d\/1sEHUg2isrOZoJOhcOQE7ffc-SjpPGOVX\/view\" target=\"_blank\" style=\"text-decoration: none !important; display: block; padding: 12px;\">\n                    <div style=\"display: flex; align-items: center; gap: 15px;\">\n                        <div style=\"color: #b71c1c; font-size: 22px; width: 35px; text-align: center;\"><i class=\"fa-solid fa-file-pdf\"><\/i><\/div>\n                        <div>\n                            <div style=\"margin: 0 0 3px 0; font-size: 1.1rem; color: #2c3e50; font-weight: 700; line-height: 1.3;\">Information communal des risques majeurs 2026<\/div>\n                            <span style=\"font-size: 0.7em; text-transform: uppercase; font-weight: 600; color: #b71c1c; opacity: 0.8;\">Ouvrir le PDF<\/span>\n                        <\/div>\n                    <\/div>\n                <\/a>\n            <\/div>\n                    <div class=\"sb-direct-container\" style=\"border: 1px solid #e0e4e8; border-radius: 8px; background: #fdfdfd; transition: 0.3s;\">\n                <a href=\"https:\/\/drive.google.com\/file\/d\/1Ylf8CJJF1KL5eqAeilaOB0aQKXWYI2NY\/view\" target=\"_blank\" style=\"text-decoration: none !important; display: block; padding: 12px;\">\n                    <div style=\"display: flex; align-items: center; gap: 15px;\">\n                        <div style=\"color: #b71c1c; font-size: 22px; width: 35px; text-align: center;\"><i class=\"fa-solid fa-file-pdf\"><\/i><\/div>\n                        <div>\n                            <div style=\"margin: 0 0 3px 0; font-size: 1.1rem; color: #2c3e50; font-weight: 700; line-height: 1.3;\">Flyer Dicrim 2026<\/div>\n                            <span style=\"font-size: 0.7em; text-transform: uppercase; font-weight: 600; color: #b71c1c; opacity: 0.8;\">Ouvrir le PDF<\/span>\n                        <\/div>\n                    <\/div>\n                <\/a>\n            <\/div>\n            <\/div>\n    <style>.sb-direct-container:hover { border-color: #b71c1c !important; transform: translateX(5px); box-shadow: 0 4px 12px rgba(183, 28, 28, 0.1); }<\/style>\n    \n","protected":false},"excerpt":{"rendered":"<p>Police Municipale La police municipale est plac\u00e9e directement sous l\u2019autorit\u00e9 du maire, elle a\u00a0pour mission de faire respecter\u00a0: Le service de la Police municipale de Saint-Beno\u00eet a \u00e9galement p\u00e9rennis\u00e9 l\u2019Op\u00e9ration Tranquillit\u00e9 Vacances. Ce service gratuit est \u00e9galement propos\u00e9 aux Sancto-B\u00e9n\u00e9dictins. La police municipale de Saint-Benoit utilise des cam\u00e9ras-pi\u00e9tons permettant de proc\u00e9der \u00e0 un enregistrement audiovisuel [&hellip;]<\/p>\n","protected":false},"author":1,"featured_media":0,"parent":0,"menu_order":0,"comment_status":"closed","ping_status":"closed","template":"page-templates\/sidebar-right.php","meta":{"_acf_changed":false,"footnotes":""},"class_list":["post-3706","page","type-page","status-publish","hentry"],"acf":[],"_links":{"self":[{"href":"https:\/\/saintbenoit86.fr\/wordpress\/wp-json\/wp\/v2\/pages\/3706","targetHints":{"allow":["GET"]}}],"collection":[{"href":"https:\/\/saintbenoit86.fr\/wordpress\/wp-json\/wp\/v2\/pages"}],"about":[{"href":"https:\/\/saintbenoit86.fr\/wordpress\/wp-json\/wp\/v2\/types\/page"}],"author":[{"embeddable":true,"href":"https:\/\/saintbenoit86.fr\/wordpress\/wp-json\/wp\/v2\/users\/1"}],"replies":[{"embeddable":true,"href":"https:\/\/saintbenoit86.fr\/wordpress\/wp-json\/wp\/v2\/comments?post=3706"}],"version-history":[{"count":10,"href":"https:\/\/saintbenoit86.fr\/wordpress\/wp-json\/wp\/v2\/pages\/3706\/revisions"}],"predecessor-version":[{"id":3834,"href":"https:\/\/saintbenoit86.fr\/wordpress\/wp-json\/wp\/v2\/pages\/3706\/revisions\/3834"}],"wp:attachment":[{"href":"https:\/\/saintbenoit86.fr\/wordpress\/wp-json\/wp\/v2\/media?parent=3706"}],"curies":[{"name":"wp","href":"https:\/\/api.w.org\/{rel}","templated":true}]}}