{"id":3724,"date":"2026-03-17T08:57:32","date_gmt":"2026-03-17T07:57:32","guid":{"rendered":"https:\/\/saintbenoit86.fr\/wordpress\/?page_id=3724"},"modified":"2026-03-17T09:35:07","modified_gmt":"2026-03-17T08:35:07","slug":"environnement-dechets","status":"publish","type":"page","link":"https:\/\/saintbenoit86.fr\/wordpress\/environnement-dechets\/","title":{"rendered":"Environnement &amp; D\u00e9chets"},"content":{"rendered":"\n<h4 class=\"wp-block-heading\">Collecte des Ordures M\u00e9nag\u00e8res et tri s\u00e9lectif<\/h4>\n\n\n\n<p><strong>Jours de Collecte des D\u00e9chets<\/strong> Les tourn\u00e9es de ramassage \u00e0 Saint-Beno\u00eet sont organis\u00e9es de la mani\u00e8re suivante :<\/p>\n\n\n\n<ul class=\"wp-block-list\">\n<li><strong>Lundi :<\/strong> Emballages et papiers (Bac jaune)<\/li>\n\n\n\n<li><strong>Mercredi :<\/strong> Ordures m\u00e9nag\u00e8res (Bac gris)<\/li>\n<\/ul>\n\n\n\n<p><strong>Consignes importantes :<\/strong><\/p>\n\n\n\n<ul class=\"wp-block-list\">\n<li>Sortez vos bacs <strong>le matin avant midi<\/strong> (la collecte d\u00e9bute \u00e0 13h).<\/li>\n\n\n\n<li>Rentrez vos bacs d\u00e8s que possible apr\u00e8s le passage du camion pour lib\u00e9rer les trottoirs.<\/li>\n<\/ul>\n\n\n\n<div class=\"lsvr-alert-message lsvr-alert-message--info\"\n    >\n    <div class=\"lsvr-alert-message__inner\">\n\n        \n            <h3 class=\"lsvr-alert-message__title\">\n\n                Pour en savoir plus\n            <\/h3>\n\n        \n        \n            <div class=\"lsvr-alert-message__text\">\n\n                <p>Grand Poitiers : Service D\u00e9chets \u2013 Propret\u00e9<br \/>\nT\u00e9l : <a href=\"tel:0549523798\" class=\"phone-autolink\">05 49 52 37 98<\/a><br \/>\ncontact@grandpoitiers.fr<\/p>\n\n            <\/div>\n\n        \n    <\/div>\n<\/div>\n\n\n\n\n<div class=\"wp-block-buttons is-content-justification-right is-layout-flex wp-container-core-buttons-is-layout-765c4724 wp-block-buttons-is-layout-flex\">\n<div class=\"wp-block-button\"><a class=\"wp-block-button__link wp-element-button\" href=\"https:\/\/www.grandpoitiers.fr\/mes-dechets\/jour-de-collecte\/collecte-des-dechets-a-saint-benoit\" target=\"_blank\" rel=\"noreferrer noopener\">Collecte des d\u00e9chets \u00e0 Saint-Beno\u00eet<\/a><\/div>\n<\/div>\n\n\n\n<p><strong>Le tri s\u00e9lectif du verre se fait par apport volontaire<\/strong><br>Des bornes \u00e0 verre sont mises \u00e0 votre disposition dans tous les quartiers de Saint-Beno\u00eet.<\/p>\n\n\n\n<h4 class=\"wp-block-heading\">Encombrants et D\u00e9chetteries<\/h4>\n\n\n\n<p><strong>D\u00e9chetterie du Bois d\u2019Amour (Poitiers Sud)<\/strong> Situ\u00e9e Rue de La Garenne.<\/p>\n\n\n\n<p>Afin d\u2019assurer l\u2019accueil du flux de v\u00e9hicules dans de bonnes conditions de s\u00e9curit\u00e9, la d\u00e9chetterie de Poitiers (Bois d\u2019Amour) est ouverte sur\u00a0rendez-vous<\/p>\n\n\n\n<ul class=\"wp-block-list\">\n<li><strong>Acc\u00e8s :<\/strong> Gratuit avec votre carte de d\u00e9chetterie \u00ab\u00a0Pass D\u00e9chets\u00a0\u00bb de Grand Poitiers.<\/li>\n\n\n\n<li><strong>Horaires :<\/strong> 9h00 \u2013 12h30 \/ 13h \u2013 18h00<\/li>\n<\/ul>\n\n\n\n<div class=\"wp-block-buttons is-content-justification-right is-layout-flex wp-container-core-buttons-is-layout-765c4724 wp-block-buttons-is-layout-flex\">\n<div class=\"wp-block-button\"><a class=\"wp-block-button__link wp-element-button\" href=\"https:\/\/rdv.recyclage.veolia.fr\/d\/77\" target=\"_blank\" rel=\"noreferrer noopener\">Prendre rendez vous en ligne<\/a><\/div>\n<\/div>\n\n\n\n<h4 class=\"wp-block-heading\">Valorisez vos d\u00e9chets verts : aide au broyage et jardinage \u00ab z\u00e9ro d\u00e9chet \u00bb<\/h4>\n\n\n\n<p>La commune de Saint-Beno\u00eet, en lien avec Grand Poitiers, encourage les habitants \u00e0 adopter des pratiques de jardinage durables. Plut\u00f4t que de jeter vos r\u00e9sidus de taille, transformez-les en ressources pour votre jardin !<\/p>\n\n\n\n<p>B\u00e9n\u00e9ficiez d\u2019un accompagnement pour le broyage de vos v\u00e9g\u00e9taux et d\u00e9couvrez des solutions simples pour nourrir votre sol tout en r\u00e9duisant vos trajets en d\u00e9chetterie. Retrouvez toutes les informations pratiques, les conseils de tri et les dispositifs d\u2019aide sur la page d\u00e9di\u00e9e de Grand<\/p>\n\n\n\n<div class=\"wp-block-buttons is-content-justification-right is-layout-flex wp-container-core-buttons-is-layout-765c4724 wp-block-buttons-is-layout-flex\">\n<div class=\"wp-block-button\"><a class=\"wp-block-button__link wp-element-button\" href=\"https:\/\/www.grandpoitiers.fr\/mes-dechets\/consignes-de-tri\/vegetaux-aide-au-broyage-jardinage-0-dechet-vert\" target=\"_blank\" rel=\"noreferrer noopener\">Informations pratiques broyage<\/a><\/div>\n<\/div>\n\n\n\n<h4 class=\"wp-block-heading\">Donner une seconde vie : Bornes Textiles<\/h4>\n\n\n\n<p>Ne jetez plus vos v\u00eatements, chaussures ou linge de maison. D\u00e9posez-les propres et en sacs ferm\u00e9s dans les bornes \u00ab\u00a0Le Relais\u00a0\u00bb :<\/p>\n\n\n\n<figure class=\"wp-block-table\"><table class=\"has-fixed-layout\"><thead><tr><td>Points de collecte associatifs<\/td><td>Les bornes \u201cLe Relais\u201d<\/td><\/tr><\/thead><tbody><tr><td>\u00a0\u2013 Resto du c\u0153ur<br>\u00a0\u2013 32 rue de la Grand\u2019 Maison \u00e0 Saint-Benoit<\/td><td>\u00a0\u2013 La Hune (Parking arri\u00e8re)<br>\u00ad \u2013 Parking Stade de La Varenne<br>\u00ad \u2013 Rue Artimon (grand rond-point)<br>\u00ad \u2013 Leclerc Drive<\/td><\/tr><\/tbody><\/table><\/figure>\n","protected":false},"excerpt":{"rendered":"<p>Collecte des Ordures M\u00e9nag\u00e8res et tri s\u00e9lectif Jours de Collecte des D\u00e9chets Les tourn\u00e9es de ramassage \u00e0 Saint-Beno\u00eet sont organis\u00e9es de la mani\u00e8re suivante : Consignes importantes : Le tri s\u00e9lectif du verre se fait par apport volontaireDes bornes \u00e0 verre sont mises \u00e0 votre disposition dans tous les quartiers de Saint-Beno\u00eet. Encombrants et D\u00e9chetteries [&hellip;]<\/p>\n","protected":false},"author":1,"featured_media":0,"parent":0,"menu_order":0,"comment_status":"closed","ping_status":"closed","template":"page-templates\/sidebar-right.php","meta":{"_acf_changed":false,"footnotes":""},"class_list":["post-3724","page","type-page","status-publish","hentry"],"acf":[],"_links":{"self":[{"href":"https:\/\/saintbenoit86.fr\/wordpress\/wp-json\/wp\/v2\/pages\/3724","targetHints":{"allow":["GET"]}}],"collection":[{"href":"https:\/\/saintbenoit86.fr\/wordpress\/wp-json\/wp\/v2\/pages"}],"about":[{"href":"https:\/\/saintbenoit86.fr\/wordpress\/wp-json\/wp\/v2\/types\/page"}],"author":[{"embeddable":true,"href":"https:\/\/saintbenoit86.fr\/wordpress\/wp-json\/wp\/v2\/users\/1"}],"replies":[{"embeddable":true,"href":"https:\/\/saintbenoit86.fr\/wordpress\/wp-json\/wp\/v2\/comments?post=3724"}],"version-history":[{"count":7,"href":"https:\/\/saintbenoit86.fr\/wordpress\/wp-json\/wp\/v2\/pages\/3724\/revisions"}],"predecessor-version":[{"id":3738,"href":"https:\/\/saintbenoit86.fr\/wordpress\/wp-json\/wp\/v2\/pages\/3724\/revisions\/3738"}],"wp:attachment":[{"href":"https:\/\/saintbenoit86.fr\/wordpress\/wp-json\/wp\/v2\/media?parent=3724"}],"curies":[{"name":"wp","href":"https:\/\/api.w.org\/{rel}","templated":true}]}}