{"id":3740,"date":"2026-03-17T13:40:05","date_gmt":"2026-03-17T12:40:05","guid":{"rendered":"https:\/\/saintbenoit86.fr\/wordpress\/?page_id=3740"},"modified":"2026-03-17T15:46:38","modified_gmt":"2026-03-17T14:46:38","slug":"developpement-durable","status":"publish","type":"page","link":"https:\/\/saintbenoit86.fr\/wordpress\/developpement-durable\/","title":{"rendered":"D\u00e9veloppement durable"},"content":{"rendered":"\n<div class=\"wp-block-media-text is-stacked-on-mobile\" style=\"grid-template-columns:24% auto\"><figure class=\"wp-block-media-text__media\"><img loading=\"lazy\" decoding=\"async\" width=\"271\" height=\"92\" src=\"https:\/\/saintbenoit86.fr\/wordpress\/wp-content\/uploads\/2026\/03\/terre_saine_4b6ad4675840f.jpg\" alt=\"\" class=\"wp-image-3747 size-full\"\/><\/figure><div class=\"wp-block-media-text__content\">\n<p>Saint-Beno\u00eet est signataire de la charte r\u00e9gionale. Nous n\u2019utilisons plus aucun produit phytosanitaire pour l\u2019entretien de nos voiries et espaces verts. Nous favorisons des m\u00e9thodes alternatives respectueuses de l\u2019eau et de la faune.<\/p>\n\n\n\n<div class=\"wp-block-buttons is-content-justification-right is-layout-flex wp-container-core-buttons-is-layout-765c4724 wp-block-buttons-is-layout-flex\">\n<div class=\"wp-block-button\"><a class=\"wp-block-button__link wp-element-button\" href=\"https:\/\/www.terresaine-poitou-charentes.fr\/\" target=\"_blank\" rel=\"noreferrer noopener\">En savoir plus sur la charte<\/a><\/div>\n<\/div>\n<\/div><\/div>\n\n\n\n<hr class=\"wp-block-separator has-alpha-channel-opacity is-style-dots\"\/>\n\n\n\n<h4 class=\"wp-block-heading\">\u00c9conomies d\u2019\u00c9nergie et Climat<\/h4>\n\n\n\n<p>La Ville est engag\u00e9e dans une d\u00e9marche de r\u00e9duction de son empreinte carbone et de protection de ses deniers publics par une gestion rigoureuse de l\u2019\u00e9nergie.<\/p>\n\n\n\n<div class=\"wp-block-columns is-layout-flex wp-container-core-columns-is-layout-9d6595d7 wp-block-columns-is-layout-flex\">\n<div class=\"wp-block-column is-layout-flow wp-block-column-is-layout-flow\">\n<h4 class=\"wp-block-heading\">Performance des b\u00e2timents<\/h4>\n\n\n\n<p>Depuis plusieurs ann\u00e9es, un vaste plan de r\u00e9novation thermique est en cours sur les b\u00e2timents communaux (\u00e9coles, gymnases, mairie). Objectif : r\u00e9duire les consommations de chauffage et limiter les \u00e9missions de CO2.<\/p>\n\n\n<div class=\"wp-block-image\">\n<figure class=\"aligncenter size-large is-resized\"><img loading=\"lazy\" decoding=\"async\" width=\"1206\" height=\"678\" src=\"https:\/\/saintbenoit86.fr\/wordpress\/wp-content\/uploads\/2026\/03\/travaux-ermitage-edited.jpg\" alt=\"\" class=\"wp-image-3743\" style=\"aspect-ratio:1.3230127462340673;object-fit:cover;width:400px\" srcset=\"https:\/\/saintbenoit86.fr\/wordpress\/wp-content\/uploads\/2026\/03\/travaux-ermitage-edited.jpg 1206w, https:\/\/saintbenoit86.fr\/wordpress\/wp-content\/uploads\/2026\/03\/travaux-ermitage-edited-300x169.jpg 300w, https:\/\/saintbenoit86.fr\/wordpress\/wp-content\/uploads\/2026\/03\/travaux-ermitage-edited-1024x576.jpg 1024w, https:\/\/saintbenoit86.fr\/wordpress\/wp-content\/uploads\/2026\/03\/travaux-ermitage-edited-768x432.jpg 768w\" sizes=\"auto, (max-width: 1206px) 100vw, 1206px\" \/><\/figure>\n<\/div><\/div>\n\n\n\n<div class=\"wp-block-column is-layout-flow wp-block-column-is-layout-flow\">\n<h4 class=\"wp-block-heading\">\u00c9clairage Public Raisonn\u00e9<\/h4>\n\n\n\n<p>Pour prot\u00e9ger la biodiversit\u00e9 et r\u00e9aliser des \u00e9conomies d\u2019\u00e9nergie, l\u2019\u00e9clairage public est \u00e9teint de <strong>1h \u00e0 5h du matin<\/strong> (hors week-ends et jours f\u00e9ri\u00e9s). <br>Cette mesure permet d\u2019\u00e9conomiser environ 20 tonnes de CO2 par an.<\/p>\n\n\n<div class=\"wp-block-image\">\n<figure class=\"aligncenter size-full is-resized\"><img loading=\"lazy\" decoding=\"async\" width=\"764\" height=\"573\" src=\"https:\/\/saintbenoit86.fr\/wordpress\/wp-content\/uploads\/2026\/03\/eclairage-edited.jpg\" alt=\"\" class=\"wp-image-3744\" style=\"width:400px\" srcset=\"https:\/\/saintbenoit86.fr\/wordpress\/wp-content\/uploads\/2026\/03\/eclairage-edited.jpg 764w, https:\/\/saintbenoit86.fr\/wordpress\/wp-content\/uploads\/2026\/03\/eclairage-edited-300x225.jpg 300w\" sizes=\"auto, (max-width: 764px) 100vw, 764px\" \/><\/figure>\n<\/div><\/div>\n<\/div>\n\n\n\n<hr class=\"wp-block-separator has-alpha-channel-opacity is-style-dots\"\/>\n\n\n\n<h4 class=\"wp-block-heading\">Gestion de l\u2019Eau et Assainissement<\/h4>\n\n\n\n<p>L\u2019eau est une richesse identitaire de Saint-Beno\u00eet, situ\u00e9e au confluent du Clain et du Miosson.<\/p>\n\n\n\n<ul class=\"wp-block-list\">\n<li><strong>Assainissement :<\/strong> L\u2019ensemble des eaux us\u00e9es de la commune est d\u00e9sormais raccord\u00e9 au r\u00e9seau de Grand Poitiers et trait\u00e9 \u00e0 la station d\u2019\u00e9puration de \u00ab\u00a0La Folie\u00a0\u00bb. Ce syst\u00e8me garantit un rejet propre dans le milieu naturel.<\/li>\n\n\n\n<li><strong>Qualit\u00e9 de l\u2019eau :<\/strong> Grand Poitiers assure la surveillance constante de la qualit\u00e9 de l\u2019eau potable.<\/li>\n<\/ul>\n\n\n\n<p><\/p>\n","protected":false},"excerpt":{"rendered":"<p>\u00c9conomies d\u2019\u00c9nergie et Climat La Ville est engag\u00e9e dans une d\u00e9marche de r\u00e9duction de son empreinte carbone et de protection de ses deniers publics par une gestion rigoureuse de l\u2019\u00e9nergie. Performance des b\u00e2timents Depuis plusieurs ann\u00e9es, un vaste plan de r\u00e9novation thermique est en cours sur les b\u00e2timents communaux (\u00e9coles, gymnases, mairie). Objectif : r\u00e9duire [&hellip;]<\/p>\n","protected":false},"author":1,"featured_media":0,"parent":0,"menu_order":0,"comment_status":"closed","ping_status":"closed","template":"page-templates\/sidebar-right.php","meta":{"_acf_changed":false,"footnotes":""},"class_list":["post-3740","page","type-page","status-publish","hentry"],"acf":[],"_links":{"self":[{"href":"https:\/\/saintbenoit86.fr\/wordpress\/wp-json\/wp\/v2\/pages\/3740","targetHints":{"allow":["GET"]}}],"collection":[{"href":"https:\/\/saintbenoit86.fr\/wordpress\/wp-json\/wp\/v2\/pages"}],"about":[{"href":"https:\/\/saintbenoit86.fr\/wordpress\/wp-json\/wp\/v2\/types\/page"}],"author":[{"embeddable":true,"href":"https:\/\/saintbenoit86.fr\/wordpress\/wp-json\/wp\/v2\/users\/1"}],"replies":[{"embeddable":true,"href":"https:\/\/saintbenoit86.fr\/wordpress\/wp-json\/wp\/v2\/comments?post=3740"}],"version-history":[{"count":9,"href":"https:\/\/saintbenoit86.fr\/wordpress\/wp-json\/wp\/v2\/pages\/3740\/revisions"}],"predecessor-version":[{"id":3757,"href":"https:\/\/saintbenoit86.fr\/wordpress\/wp-json\/wp\/v2\/pages\/3740\/revisions\/3757"}],"wp:attachment":[{"href":"https:\/\/saintbenoit86.fr\/wordpress\/wp-json\/wp\/v2\/media?parent=3740"}],"curies":[{"name":"wp","href":"https:\/\/api.w.org\/{rel}","templated":true}]}}