{"id":3847,"date":"2026-03-23T13:10:07","date_gmt":"2026-03-23T12:10:07","guid":{"rendered":"https:\/\/saintbenoit86.fr\/wordpress\/?page_id=3847"},"modified":"2026-03-23T13:10:08","modified_gmt":"2026-03-23T12:10:08","slug":"democratie-locale-2","status":"publish","type":"page","link":"https:\/\/saintbenoit86.fr\/wordpress\/democratie-locale-2\/","title":{"rendered":"D\u00e9mocratie locale"},"content":{"rendered":"\n<p>Cr\u00e9\u00e9es en 2001 par la Municipalit\u00e9, les cinq\u00a0<strong>commissions de quartiers\u00a0<\/strong><strong>\u00e0 vocation consultative<\/strong>, participent pleinement \u00e0 la vie de la commune. Au rythme de\u00a0<strong>deux r\u00e9unions par an<\/strong>, elles ont permis de faire \u00e9merger, de modifier ou de valider de nombreux projets.<br>Elles regroupent environ\u00a0\u00a0<strong>125 membres<\/strong>\u00a0qui travaillent ensemble, confrontent leurs id\u00e9es, \u00e9changent leurs avis et exp\u00e9riences. Dans un esprit de libre dialogue et de grande convivialit\u00e9, ces rencontres permettent de\u00a0<strong>poursuivre l\u2019am\u00e9nagement des quartiers<\/strong>\u00a0et de la commune en tenant compte des opinions des habitants. Anim\u00e9es par un Pr\u00e9sident, elles ont pour r\u00f4le de porter \u00e0 la connaissance du\u00a0<strong>Conseil Municipal<\/strong>, les v\u0153ux et observations \u00e9mis par les membres des commissions, et inversement de\u00a0<strong>diffuser les informations municipales<\/strong>\u00a0aux membres des commissions qui en assurent la r\u00e9alisation sur le terrain.<\/p>\n\n\n\n<h4 class=\"wp-block-heading\"><strong>Constitution des cinq Commissions extra-municipales de quartiers<\/strong><\/h4>\n\n\n\n<p>Le Conseil Municipal de Saint-Beno\u00eet continue \u00e0 constituer une d\u00e9mocratie de d\u00e9centralisation active dans la ville, dont la Commission de Transition \u00e9cologique, r\u00e9cemment mise en place.<br><strong>Les cinq Commissions extra-municipales de quartiers s\u2019organisent au mois de juin, lors des 5 r\u00e9unions constitutives,\u00a0<\/strong>et\u00a0prendront effet lors du dernier trimestre de l\u2019ann\u00e9e.<\/p>\n\n\n\n<p><strong>La Commission extramunicipale de quartier est une instance de concertation au service de la vie du quartier et de la ville. Elle a pour mission d\u2019\u00eatre\u00a0:<\/strong><\/p>\n\n\n\n<ul class=\"wp-block-list\">\n<li>Un lieu de r\u00e9flexion, d\u2019\u00e9changes et de propositions sur tout ce qui touche, au sein de chaque quartier, au cadre de vie et \u00e0 l\u2019environnement, \u00e0 la vie sociale et associative, \u00e0 la qualit\u00e9 des services rendus \u00e0 la population.<\/li>\n\n\n\n<li>A travers les repr\u00e9sentants et\/ou habitants de chaque quartier, le lieu d\u2019information des \u00e9lus sur toutes les questions qui les concernent.<\/li>\n\n\n\n<li>Le lieu d\u2019information des habitants et\/ou repr\u00e9sentants de quartier sur les projets de r\u00e9alisations et d\u2019actions de la ville.<\/li>\n\n\n\n<li>La Commission extramunicipale de quartier \u00e9met des v\u0153ux et observations qui sont obligatoirement port\u00e9s \u00e0 la connaissance du Conseil Municipal de Saint-Beno\u00eet.<\/li>\n\n\n\n<li>La Commissions extramunicipale de quartier permet une relation de proximit\u00e9 et de favoriser les \u00e9changes entre les quartiers en sensibilisant les uns aux pr\u00e9occupations des autres.<\/li>\n<\/ul>\n\n\n\n<p>Chaque assembl\u00e9e extramunicipale est anim\u00e9e par un Pr\u00e9sident, charg\u00e9 de porter \u00e0 la connaissance du Conseil Municipal les v\u0153ux et observations \u00e9mis par les membres des Commissions extra-municipales.<\/p>\n\n\n\n<p><strong>Les membres s\u2019engagent \u00e0 \u0153uvrer uniquement dans l\u2019int\u00e9r\u00eat de la ville, du quartier et de ses habitants.<\/strong><\/p>\n\n\n\n<p><strong>Lieux d\u2019\u00e9changes privil\u00e9gi\u00e9s entre \u00e9lus, citoyens et acteurs locaux, les Commissions traitent de tous les sujets et aspects de la ville\u00a0: \u00e9quipements publics, s\u00e9curit\u00e9, urbanisme, stationnement, propret\u00e9, etc\u2026<\/strong><\/p>\n\n\n\n<p><strong>Les cinq Commissions se r\u00e9unissent \u00e0 l\u2019initiative du Pr\u00e9sident, 2 fois par an. Elles sont consultatives et non d\u00e9cisionnaires. Elles ne sont pas publiques.<\/strong><\/p>\n","protected":false},"excerpt":{"rendered":"<p>Cr\u00e9\u00e9es en 2001 par la Municipalit\u00e9, les cinq\u00a0commissions de quartiers\u00a0\u00e0 vocation consultative, participent pleinement \u00e0 la vie de la commune. Au rythme de\u00a0deux r\u00e9unions par an, elles ont permis de faire \u00e9merger, de modifier ou de valider de nombreux projets.Elles regroupent environ\u00a0\u00a0125 membres\u00a0qui travaillent ensemble, confrontent leurs id\u00e9es, \u00e9changent leurs avis et exp\u00e9riences. Dans un [&hellip;]<\/p>\n","protected":false},"author":1,"featured_media":0,"parent":0,"menu_order":0,"comment_status":"closed","ping_status":"closed","template":"page-templates\/sidebar-right.php","meta":{"_acf_changed":false,"footnotes":""},"class_list":["post-3847","page","type-page","status-publish","hentry"],"acf":[],"_links":{"self":[{"href":"https:\/\/saintbenoit86.fr\/wordpress\/wp-json\/wp\/v2\/pages\/3847","targetHints":{"allow":["GET"]}}],"collection":[{"href":"https:\/\/saintbenoit86.fr\/wordpress\/wp-json\/wp\/v2\/pages"}],"about":[{"href":"https:\/\/saintbenoit86.fr\/wordpress\/wp-json\/wp\/v2\/types\/page"}],"author":[{"embeddable":true,"href":"https:\/\/saintbenoit86.fr\/wordpress\/wp-json\/wp\/v2\/users\/1"}],"replies":[{"embeddable":true,"href":"https:\/\/saintbenoit86.fr\/wordpress\/wp-json\/wp\/v2\/comments?post=3847"}],"version-history":[{"count":1,"href":"https:\/\/saintbenoit86.fr\/wordpress\/wp-json\/wp\/v2\/pages\/3847\/revisions"}],"predecessor-version":[{"id":3848,"href":"https:\/\/saintbenoit86.fr\/wordpress\/wp-json\/wp\/v2\/pages\/3847\/revisions\/3848"}],"wp:attachment":[{"href":"https:\/\/saintbenoit86.fr\/wordpress\/wp-json\/wp\/v2\/media?parent=3847"}],"curies":[{"name":"wp","href":"https:\/\/api.w.org\/{rel}","templated":true}]}}