{"id":3863,"date":"2026-03-23T14:48:45","date_gmt":"2026-03-23T13:48:45","guid":{"rendered":"https:\/\/saintbenoit86.fr\/wordpress\/?page_id=3863"},"modified":"2026-03-23T14:49:52","modified_gmt":"2026-03-23T13:49:52","slug":"la-bibliotheque-municipale","status":"publish","type":"page","link":"https:\/\/saintbenoit86.fr\/wordpress\/la-bibliotheque-municipale\/","title":{"rendered":"La Biblioth\u00e8que Municipale"},"content":{"rendered":"\n<h4 class=\"wp-block-heading\">La biblioth\u00e8que municipale \u00e0 votre service<\/h4>\n\n\n\n<p>Au c\u0153ur du centre bourg de Saint-Beno\u00eet, la biblioth\u00e8que municipale est am\u00e9nag\u00e9e sur\u00a0<strong>deux espaces<\/strong>. La\u00a0<strong>section adulte<\/strong> poss\u00e8de un fonds de plus de\u00a0<strong>5800 livres<\/strong>\u00a0et\u00a0<strong>430 CD<\/strong>. La\u00a0<strong>section jeunesse<\/strong>\u00a0d\u00e9tient un fonds d\u2019un peu moins de\u00a0<strong>6400 livres<\/strong>\u00a0et plus de\u00a0<strong>570 CD<\/strong>. La biblioth\u00e8que est \u00e9galement abonn\u00e9e \u00e0 plusieurs\u00a0<strong>revues<\/strong>\u00a0et\u00a0<strong>magazines<\/strong>, disponibles \u00e0 l\u2019emprunt.\u00a0<strong>\u201cDes\u00a0temps forts\u201d<\/strong>\u00a0rythment \u00e9galement l\u2019ann\u00e9e\u00a0: ateliers d\u00e9couvertes, lectures publiques, signatures d\u2019auteurs\u2026<\/p>\n\n\n\n<p>La biblioth\u00e8que met \u00e0 disposition des lecteurs une offre assez diversifi\u00e9e d\u2019ouvrages en langues \u00e9trang\u00e8res: anglais, italien, allemand, portugais, espagnol\u2026Romans et albums notamment en anglais ou bilingues, documents sonores, m\u00e9thodes sur support \u00e9crit ou audio sont ainsi propos\u00e9s aux lecteurs.<\/p>\n\n\n\n<p>Si vous \u00e9prouvez des difficult\u00e9s pour vous d\u00e9placer jusqu\u2019\u00e0 la biblioth\u00e8que, vous pouvez vous faire\u00a0<strong>livrer gratuitement \u00e0 domicile<\/strong>.<\/p>\n\n\n\n<div class=\"lsvr-alert-message lsvr-alert-message--info\"\n    >\n    <div class=\"lsvr-alert-message__inner\">\n\n        \n            <h3 class=\"lsvr-alert-message__title\">\n\n                Contact et Horaires\n            <\/h3>\n\n        \n        \n            <div class=\"lsvr-alert-message__text\">\n\n                <p>Lundi : 14h\/18h<br \/>\nMercredi : 9h30\/12h30 \u2013 14h\/18h<br \/>\nSamedi : 9h30\/12h30<\/p>\n\n            <\/div>\n\n        \n    <\/div>\n<\/div>\n\n\n\n\n<h4 class=\"wp-block-heading\"><strong>L\u2019offre de services<\/strong><\/h4>\n\n\n\n<p>Elle comprend\u00a0:<\/p>\n\n\n\n<ul class=\"wp-block-list\">\n<li>La consultation libre et gratuite de documents sur place<\/li>\n\n\n\n<li>La possibilit\u00e9 de r\u00e9server un document sorti ou de prolonger la dur\u00e9e de son emprunt<\/li>\n\n\n\n<li>La participation \u00e0 des animations ponctuelles\u00a0: expositions, rencontres avec des auteurs, spectacles\u2026<\/li>\n\n\n\n<li>Chaque mois, \u00e9change d\u2019environ 200 livres avec la biblioth\u00e8que d\u00e9partementale de la Vienne<\/li>\n\n\n\n<li>Les acquisitions se d\u00e9roulent tous les deux mois pour vous faire profiter des nouveaut\u00e9s.<\/li>\n\n\n\n<li>L\u2019acc\u00e8s libre et gratuit \u00e0 Internet. Gr\u00e2ce \u00e0 un poste informatique, install\u00e9 en section jeunesse, chacun peut consulter le catalogue de la biblioth\u00e8que et avoir acc\u00e8s \u00e0 internet pour toute recherche compl\u00e9mentaire.<\/li>\n<\/ul>\n\n\n\n<div class=\"wp-block-buttons is-content-justification-right is-layout-flex wp-container-core-buttons-is-layout-765c4724 wp-block-buttons-is-layout-flex\">\n<div class=\"wp-block-button\"><a class=\"wp-block-button__link wp-element-button\" href=\"https:\/\/bibliotheque.saintbenoit86.fr\/\" target=\"_blank\" rel=\"noreferrer noopener\">Consulter le catalogue<\/a><\/div>\n<\/div>\n\n\n\n<h4 class=\"wp-block-heading\">Conditions d\u2019inscription et de pr\u00eat<\/h4>\n\n\n\n<p>Que vous soyez r\u00e9sident ou non de Saint-Beno\u00eet, l\u2019abonnement est obligatoire pour emprunter un livre \u00e0 domicile et est valable un an.<\/p>\n\n\n\n<p>La carte d\u2019abonnement est d\u00e9livr\u00e9e lors de la premi\u00e8re inscription, sur pr\u00e9sentation d\u2019une pi\u00e8ce d\u2019identit\u00e9 et d\u2019un justificatif de domicile de moins de trois mois (Tarifs de cotisation sur feuillet joint).<\/p>\n\n\n\n<p>Chaque lecteur peut emprunter au maximum 6 ouvrages et 3 Cd pour une dur\u00e9e de trois semaines.<\/p>\n\n\n\n<h4 class=\"wp-block-heading\">Abonnement individuel<\/h4>\n\n\n\n<ul class=\"wp-block-list\">\n<li>Adulte r\u00e9sidant \u00e0 Saint Beno\u00eet\u00a0:<strong>\u00a015\u00a0\u20ac<\/strong><\/li>\n\n\n\n<li>Adulte ne r\u00e9sidant pas \u00e0 Saint Beno\u00eet\u00a0: 15\u00a0<strong>\u20ac<\/strong><\/li>\n\n\n\n<li><strong>Gratuit<\/strong>\u00a0jusqu\u2019\u00e0 18 ans<\/li>\n\n\n\n<li><strong>Gratuit<\/strong>\u00a0pour les lyc\u00e9ens et les \u00e9tudiants de moins de 25 ans<\/li>\n\n\n\n<li><strong>Gratuit<\/strong>\u00a0pour les demandeurs d\u2019emploi<\/li>\n\n\n\n<li><strong>Gratuit<\/strong>\u00a0pour les b\u00e9n\u00e9ficiaires du RSA<\/li>\n<\/ul>\n\n\n\n<div class=\"lsvr-alert-message lsvr-alert-message--info\"\n    >\n    <div class=\"lsvr-alert-message__inner\">\n\n        \n            <h3 class=\"lsvr-alert-message__title\">\n\n                Contact\n            <\/h3>\n\n        \n        \n            <div class=\"lsvr-alert-message__text\">\n\n                <p>Laure Olivier<br \/>\n3, Impasse du Prieur\u00e9<br \/>\nT\u00e9l. : <a href=\"tel:0549529282\" class=\"phone-autolink\">05.49.52.92.82<\/a><br \/>\nbibliotheque@saintbenoit86.fr<\/p>\n\n            <\/div>\n\n        \n    <\/div>\n<\/div>\n\n","protected":false},"excerpt":{"rendered":"<p>La biblioth\u00e8que municipale \u00e0 votre service Au c\u0153ur du centre bourg de Saint-Beno\u00eet, la biblioth\u00e8que municipale est am\u00e9nag\u00e9e sur\u00a0deux espaces. La\u00a0section adulte poss\u00e8de un fonds de plus de\u00a05800 livres\u00a0et\u00a0430 CD. La\u00a0section jeunesse\u00a0d\u00e9tient un fonds d\u2019un peu moins de\u00a06400 livres\u00a0et plus de\u00a0570 CD. La biblioth\u00e8que est \u00e9galement abonn\u00e9e \u00e0 plusieurs\u00a0revues\u00a0et\u00a0magazines, disponibles \u00e0 l\u2019emprunt.\u00a0\u201cDes\u00a0temps forts\u201d\u00a0rythment \u00e9galement l\u2019ann\u00e9e\u00a0: [&hellip;]<\/p>\n","protected":false},"author":1,"featured_media":0,"parent":0,"menu_order":0,"comment_status":"closed","ping_status":"closed","template":"page-templates\/sidebar-right.php","meta":{"_acf_changed":false,"footnotes":""},"class_list":["post-3863","page","type-page","status-publish","hentry"],"acf":[],"_links":{"self":[{"href":"https:\/\/saintbenoit86.fr\/wordpress\/wp-json\/wp\/v2\/pages\/3863","targetHints":{"allow":["GET"]}}],"collection":[{"href":"https:\/\/saintbenoit86.fr\/wordpress\/wp-json\/wp\/v2\/pages"}],"about":[{"href":"https:\/\/saintbenoit86.fr\/wordpress\/wp-json\/wp\/v2\/types\/page"}],"author":[{"embeddable":true,"href":"https:\/\/saintbenoit86.fr\/wordpress\/wp-json\/wp\/v2\/users\/1"}],"replies":[{"embeddable":true,"href":"https:\/\/saintbenoit86.fr\/wordpress\/wp-json\/wp\/v2\/comments?post=3863"}],"version-history":[{"count":2,"href":"https:\/\/saintbenoit86.fr\/wordpress\/wp-json\/wp\/v2\/pages\/3863\/revisions"}],"predecessor-version":[{"id":3866,"href":"https:\/\/saintbenoit86.fr\/wordpress\/wp-json\/wp\/v2\/pages\/3863\/revisions\/3866"}],"wp:attachment":[{"href":"https:\/\/saintbenoit86.fr\/wordpress\/wp-json\/wp\/v2\/media?parent=3863"}],"curies":[{"name":"wp","href":"https:\/\/api.w.org\/{rel}","templated":true}]}}